{"id":8413,"date":"2026-03-22T17:08:10","date_gmt":"2026-03-22T14:08:10","guid":{"rendered":"https:\/\/www.bmktrans.net\/?page_id=8413"},"modified":"2026-04-08T17:22:27","modified_gmt":"2026-04-08T14:22:27","slug":"web-sitemiz-yayinda-lojistikte-yeni-donem-basladi","status":"publish","type":"page","link":"https:\/\/www.bmktrans.net\/en\/web-sitemiz-yayinda-lojistikte-yeni-donem-basladi\/","title":{"rendered":"Our Website is Live: A New Era in Logistics Has Begun"},"content":{"rendered":"<div data-elementor-type=\"wp-page\" data-elementor-id=\"8413\" class=\"elementor elementor-8413\">\n\t\t\t\t<div class=\"elementor-element elementor-element-a788b60 e-flex e-con-boxed e-con e-parent\" data-id=\"a788b60\" data-element_type=\"container\" data-e-type=\"container\">\n\t\t\t\t\t<div class=\"e-con-inner\">\n\t\t<div class=\"elementor-element elementor-element-388f6ff e-con-full e-flex e-con e-child\" data-id=\"388f6ff\" data-element_type=\"container\" data-e-type=\"container\">\n\t\t\t\t<div class=\"elementor-element elementor-element-c468f15 elementor-list-item-link-full_width elementor-widget elementor-widget-icon-list\" data-id=\"c468f15\" data-element_type=\"widget\" data-e-type=\"widget\" data-widget_type=\"icon-list.default\">\n\t\t\t\t<div class=\"elementor-widget-container\">\n\t\t\t\t\t\t\t<ul class=\"elementor-icon-list-items\">\n\t\t\t\t\t\t\t<li class=\"elementor-icon-list-item\">\n\t\t\t\t\t\t\t\t\t\t\t<a href=\"https:\/\/www.bmktrans.net\">\n\n\t\t\t\t\t\t\t\t\t\t\t\t<span class=\"elementor-icon-list-icon\">\n\t\t\t\t\t\t\t<svg aria-hidden=\"true\" class=\"e-font-icon-svg e-fas-circle\" viewbox=\"0 0 512 512\" xmlns=\"http:\/\/www.w3.org\/2000\/svg\"><path d=\"M256 8C119 8 8 119 8 256s111 248 248 248 248-111 248-248S393 8 256 8z\"><\/path><\/svg>\t\t\t\t\t\t<\/span>\n\t\t\t\t\t\t\t\t\t\t<span class=\"elementor-icon-list-text\">BMK Trans<\/span>\n\t\t\t\t\t\t\t\t\t\t\t<\/a>\n\t\t\t\t\t\t\t\t\t<\/li>\n\t\t\t\t\t\t<\/ul>\n\t\t\t\t\t\t<\/div>\n\t\t\t\t<\/div>\n\t\t\t\t<div class=\"elementor-element elementor-element-5db9955 elementor-widget elementor-widget-text-editor\" data-id=\"5db9955\" data-element_type=\"widget\" data-e-type=\"widget\" data-widget_type=\"text-editor.default\">\n\t\t\t\t<div class=\"elementor-widget-container\">\n\t\t\t\t\t\t\t\t\t<p>Our Website is Live: A New Era in Logistics Has Begun<\/p>\t\t\t\t\t\t\t\t<\/div>\n\t\t\t\t<\/div>\n\t\t\t\t<div class=\"elementor-element elementor-element-3e3f41d elementor-widget elementor-widget-image\" data-id=\"3e3f41d\" data-element_type=\"widget\" data-e-type=\"widget\" data-widget_type=\"image.default\">\n\t\t\t\t<div class=\"elementor-widget-container\">\n\t\t\t\t\t\t\t\t\t\t\t\t\t\t\t<img fetchpriority=\"high\" decoding=\"async\" width=\"1024\" height=\"478\" src=\"https:\/\/www.bmktrans.net\/wp-content\/uploads\/2026\/03\/WEB-Sitemiz-Guncellendi-1-1024x478.png\" class=\"attachment-large size-large wp-image-8552\" alt=\"\" srcset=\"https:\/\/www.bmktrans.net\/wp-content\/uploads\/2026\/03\/WEB-Sitemiz-Guncellendi-1-1024x478.png 1024w, https:\/\/www.bmktrans.net\/wp-content\/uploads\/2026\/03\/WEB-Sitemiz-Guncellendi-1-300x140.png 300w, https:\/\/www.bmktrans.net\/wp-content\/uploads\/2026\/03\/WEB-Sitemiz-Guncellendi-1-768x358.png 768w, https:\/\/www.bmktrans.net\/wp-content\/uploads\/2026\/03\/WEB-Sitemiz-Guncellendi-1-1536x717.png 1536w, https:\/\/www.bmktrans.net\/wp-content\/uploads\/2026\/03\/WEB-Sitemiz-Guncellendi-1-2048x956.png 2048w, https:\/\/www.bmktrans.net\/wp-content\/uploads\/2026\/03\/WEB-Sitemiz-Guncellendi-1-18x8.png 18w, https:\/\/www.bmktrans.net\/wp-content\/uploads\/2026\/03\/WEB-Sitemiz-Guncellendi-1-24x11.png 24w, https:\/\/www.bmktrans.net\/wp-content\/uploads\/2026\/03\/WEB-Sitemiz-Guncellendi-1-36x17.png 36w, https:\/\/www.bmktrans.net\/wp-content\/uploads\/2026\/03\/WEB-Sitemiz-Guncellendi-1-48x22.png 48w\" sizes=\"(max-width: 1024px) 100vw, 1024px\" \/>\t\t\t\t\t\t\t\t\t\t\t\t\t\t\t<\/div>\n\t\t\t\t<\/div>\n\t\t\t\t<div class=\"elementor-element elementor-element-9580379 elementor-widget elementor-widget-text-editor\" data-id=\"9580379\" data-element_type=\"widget\" data-e-type=\"widget\" data-widget_type=\"text-editor.default\">\n\t\t\t\t<div class=\"elementor-widget-container\">\n\t\t\t\t\t\t\t\t\t<p data-start=\"194\" data-end=\"529\">Our website is now live. This isn't just a matter of \"we've launched a website\"; it's a step towards making our business more transparent, faster, and more accessible. In the logistics sector, trust, speed, and proper planning are everything. By bringing this understanding to the digital environment, we aim to enable our customers to see the processes more clearly and reach us more easily.<\/p><p data-start=\"531\" data-end=\"894\">You can review the services we offer in detail through our new website, learn about our transportation services, and contact us directly. Our system for ensuring timely and trouble-free international transport looks even better now. Our goal isn't just to transport goods; it's to ensure a professional setup at the end of the process.<\/p>\t\t\t\t\t\t\t\t<\/div>\n\t\t\t\t<\/div>\n\t\t\t\t<\/div>\n\t\t<div class=\"elementor-element elementor-element-1405a31 e-con-full elementor-hidden-tablet elementor-hidden-mobile e-flex e-con e-child\" data-id=\"1405a31\" data-element_type=\"container\" data-e-type=\"container\">\n\t\t\t\t<div class=\"elementor-element elementor-element-073e76c elementor-widget elementor-widget-button\" data-id=\"073e76c\" data-element_type=\"widget\" data-e-type=\"widget\" data-widget_type=\"button.default\">\n\t\t\t\t<div class=\"elementor-widget-container\">\n\t\t\t\t\t\t\t\t\t<div class=\"elementor-button-wrapper\">\n\t\t\t\t\t<a class=\"elementor-button elementor-size-sm\" role=\"button\">\n\t\t\t\t\t\t<span class=\"elementor-button-content-wrapper\">\n\t\t\t\t\t\t<span class=\"elementor-button-icon\">\n\t\t\t\t<svg aria-hidden=\"true\" class=\"e-font-icon-svg e-far-newspaper\" viewbox=\"0 0 576 512\" xmlns=\"http:\/\/www.w3.org\/2000\/svg\"><path d=\"M552 64H112c-20.858 0-38.643 13.377-45.248 32H24c-13.255 0-24 10.745-24 24v272c0 30.928 25.072 56 56 56h496c13.255 0 24-10.745 24-24V88c0-13.255-10.745-24-24-24zM48 392V144h16v248c0 4.411-3.589 8-8 8s-8-3.589-8-8zm480 8H111.422c.374-2.614.578-5.283.578-8V112h416v288zM172 280h136c6.627 0 12-5.373 12-12v-96c0-6.627-5.373-12-12-12H172c-6.627 0-12 5.373-12 12v96c0 6.627 5.373 12 12 12zm28-80h80v40h-80v-40zm-40 140v-24c0-6.627 5.373-12 12-12h136c6.627 0 12 5.373 12 12v24c0 6.627-5.373 12-12 12H172c-6.627 0-12-5.373-12-12zm192 0v-24c0-6.627 5.373-12 12-12h104c6.627 0 12 5.373 12 12v24c0 6.627-5.373 12-12 12H364c-6.627 0-12-5.373-12-12zm0-144v-24c0-6.627 5.373-12 12-12h104c6.627 0 12 5.373 12 12v24c0 6.627-5.373 12-12 12H364c-6.627 0-12-5.373-12-12zm0 72v-24c0-6.627 5.373-12 12-12h104c6.627 0 12 5.373 12 12v24c0 6.627-5.373 12-12 12H364c-6.627 0-12-5.373-12-12z\"><\/path><\/svg>\t\t\t<\/span>\n\t\t\t\t\t\t\t\t\t<span class=\"elementor-button-text\">News<\/span>\n\t\t\t\t\t<\/span>\n\t\t\t\t\t<\/a>\n\t\t\t\t<\/div>\n\t\t\t\t\t\t\t\t<\/div>\n\t\t\t\t<\/div>\n\t\t\t\t<div class=\"elementor-element elementor-element-2bdce37 elementor-widget elementor-widget-text-editor\" data-id=\"2bdce37\" data-element_type=\"widget\" data-e-type=\"widget\" data-widget_type=\"text-editor.default\">\n\t\t\t\t<div class=\"elementor-widget-container\">\n\t\t\t\t\t\t\t\t\t<p>Latest News<\/p>\t\t\t\t\t\t\t\t<\/div>\n\t\t\t\t<\/div>\n\t\t<div class=\"elementor-element elementor-element-5d512d8 e-con-full e-flex e-con e-child\" data-id=\"5d512d8\" data-element_type=\"container\" data-e-type=\"container\">\n\t\t<div class=\"elementor-element elementor-element-4dd5e44 e-con-full e-flex e-con e-child\" data-id=\"4dd5e44\" data-element_type=\"container\" data-e-type=\"container\">\n\t\t\t\t<div class=\"elementor-element elementor-element-9c6a676 elementor-widget__width-initial elementor-widget elementor-widget-text-editor\" data-id=\"9c6a676\" data-element_type=\"widget\" data-e-type=\"widget\" data-widget_type=\"text-editor.default\">\n\t\t\t\t<div class=\"elementor-widget-container\">\n\t\t\t\t\t\t\t\t\t<p>21\/02\/2025<\/p>\t\t\t\t\t\t\t\t<\/div>\n\t\t\t\t<\/div>\n\t\t\t\t<div class=\"elementor-element elementor-element-4d8fb5f elementor-align-end elementor-icon-list--layout-traditional elementor-list-item-link-full_width elementor-widget elementor-widget-icon-list\" data-id=\"4d8fb5f\" data-element_type=\"widget\" data-e-type=\"widget\" data-widget_type=\"icon-list.default\">\n\t\t\t\t<div class=\"elementor-widget-container\">\n\t\t\t\t\t\t\t<ul class=\"elementor-icon-list-items\">\n\t\t\t\t\t\t\t<li class=\"elementor-icon-list-item\">\n\t\t\t\t\t\t\t\t\t\t\t<a href=\"https:\/\/www.bmktrans.net\/haberler\/bmk-trans-lojistik-sektorunde-deneyim-ve-basari\/\">\n\n\t\t\t\t\t\t\t\t\t\t\t<span class=\"elementor-icon-list-text\">BMK Trans: Experience and Success in the Logistics Sector<\/span>\n\t\t\t\t\t\t\t\t\t\t\t<\/a>\n\t\t\t\t\t\t\t\t\t<\/li>\n\t\t\t\t\t\t<\/ul>\n\t\t\t\t\t\t<\/div>\n\t\t\t\t<\/div>\n\t\t\t\t<\/div>\n\t\t\t\t<div class=\"elementor-element elementor-element-03bb660 elementor-widget__width-initial elementor-widget elementor-widget-image\" data-id=\"03bb660\" data-element_type=\"widget\" data-e-type=\"widget\" data-widget_type=\"image.default\">\n\t\t\t\t<div class=\"elementor-widget-container\">\n\t\t\t\t\t\t\t\t\t\t\t\t\t\t\t<img decoding=\"async\" width=\"1024\" height=\"478\" src=\"https:\/\/www.bmktrans.net\/wp-content\/uploads\/2025\/04\/haber1-1024x478.png\" class=\"attachment-large size-large wp-image-8128\" alt=\"\" srcset=\"https:\/\/www.bmktrans.net\/wp-content\/uploads\/2025\/04\/haber1-1024x478.png 1024w, https:\/\/www.bmktrans.net\/wp-content\/uploads\/2025\/04\/haber1-300x140.png 300w, https:\/\/www.bmktrans.net\/wp-content\/uploads\/2025\/04\/haber1-768x358.png 768w, https:\/\/www.bmktrans.net\/wp-content\/uploads\/2025\/04\/haber1-1536x717.png 1536w, https:\/\/www.bmktrans.net\/wp-content\/uploads\/2025\/04\/haber1-2048x956.png 2048w, https:\/\/www.bmktrans.net\/wp-content\/uploads\/2025\/04\/haber1-18x8.png 18w, https:\/\/www.bmktrans.net\/wp-content\/uploads\/2025\/04\/haber1-24x11.png 24w, https:\/\/www.bmktrans.net\/wp-content\/uploads\/2025\/04\/haber1-36x17.png 36w, https:\/\/www.bmktrans.net\/wp-content\/uploads\/2025\/04\/haber1-48x22.png 48w\" sizes=\"(max-width: 1024px) 100vw, 1024px\" \/>\t\t\t\t\t\t\t\t\t\t\t\t\t\t\t<\/div>\n\t\t\t\t<\/div>\n\t\t\t\t<\/div>\n\t\t\t\t<div class=\"elementor-element elementor-element-ad2e15e elementor-widget-divider--view-line elementor-widget elementor-widget-divider\" data-id=\"ad2e15e\" data-element_type=\"widget\" data-e-type=\"widget\" data-widget_type=\"divider.default\">\n\t\t\t\t<div class=\"elementor-widget-container\">\n\t\t\t\t\t\t\t<div class=\"elementor-divider\">\n\t\t\t<span class=\"elementor-divider-separator\">\n\t\t\t\t\t\t<\/span>\n\t\t<\/div>\n\t\t\t\t\t\t<\/div>\n\t\t\t\t<\/div>\n\t\t<div class=\"elementor-element elementor-element-f9dfac9 e-con-full e-flex e-con e-child\" data-id=\"f9dfac9\" data-element_type=\"container\" data-e-type=\"container\">\n\t\t<div class=\"elementor-element elementor-element-e22498f e-con-full e-flex e-con e-child\" data-id=\"e22498f\" data-element_type=\"container\" data-e-type=\"container\">\n\t\t\t\t<div class=\"elementor-element elementor-element-1f130c9 elementor-widget__width-initial elementor-widget elementor-widget-text-editor\" data-id=\"1f130c9\" data-element_type=\"widget\" data-e-type=\"widget\" data-widget_type=\"text-editor.default\">\n\t\t\t\t<div class=\"elementor-widget-container\">\n\t\t\t\t\t\t\t\t\t<p>21\/02\/2025<\/p>\t\t\t\t\t\t\t\t<\/div>\n\t\t\t\t<\/div>\n\t\t\t\t<div class=\"elementor-element elementor-element-7bea297 elementor-align-end elementor-icon-list--layout-traditional elementor-list-item-link-full_width elementor-widget elementor-widget-icon-list\" data-id=\"7bea297\" data-element_type=\"widget\" data-e-type=\"widget\" data-widget_type=\"icon-list.default\">\n\t\t\t\t<div class=\"elementor-widget-container\">\n\t\t\t\t\t\t\t<ul class=\"elementor-icon-list-items\">\n\t\t\t\t\t\t\t<li class=\"elementor-icon-list-item\">\n\t\t\t\t\t\t\t\t\t\t\t<a href=\"https:\/\/www.bmktrans.net\/haberler\/bmk-trans-lojistik-stratejileri-verimliligi-artiran-adimlar\/\">\n\n\t\t\t\t\t\t\t\t\t\t\t<span class=\"elementor-icon-list-text\">BMK Trans Logistics Strategies: Steps to Increase Efficiency<\/span>\n\t\t\t\t\t\t\t\t\t\t\t<\/a>\n\t\t\t\t\t\t\t\t\t<\/li>\n\t\t\t\t\t\t<\/ul>\n\t\t\t\t\t\t<\/div>\n\t\t\t\t<\/div>\n\t\t\t\t<\/div>\n\t\t\t\t<div class=\"elementor-element elementor-element-869873a elementor-widget__width-initial elementor-widget elementor-widget-image\" data-id=\"869873a\" data-element_type=\"widget\" data-e-type=\"widget\" data-widget_type=\"image.default\">\n\t\t\t\t<div class=\"elementor-widget-container\">\n\t\t\t\t\t\t\t\t\t\t\t\t\t\t\t<img decoding=\"async\" width=\"1024\" height=\"478\" src=\"https:\/\/www.bmktrans.net\/wp-content\/uploads\/2025\/02\/1-1024x478.png\" class=\"attachment-large size-large wp-image-3901\" alt=\"\" srcset=\"https:\/\/www.bmktrans.net\/wp-content\/uploads\/2025\/02\/1-1024x478.png 1024w, https:\/\/www.bmktrans.net\/wp-content\/uploads\/2025\/02\/1-300x140.png 300w, https:\/\/www.bmktrans.net\/wp-content\/uploads\/2025\/02\/1-768x358.png 768w, https:\/\/www.bmktrans.net\/wp-content\/uploads\/2025\/02\/1-1536x717.png 1536w, https:\/\/www.bmktrans.net\/wp-content\/uploads\/2025\/02\/1-2048x956.png 2048w, https:\/\/www.bmktrans.net\/wp-content\/uploads\/2025\/02\/1-18x8.png 18w\" sizes=\"(max-width: 1024px) 100vw, 1024px\" \/>\t\t\t\t\t\t\t\t\t\t\t\t\t\t\t<\/div>\n\t\t\t\t<\/div>\n\t\t\t\t<\/div>\n\t\t<div class=\"elementor-element elementor-element-0a0b52e e-con-full e-flex e-con e-child\" data-id=\"0a0b52e\" data-element_type=\"container\" data-e-type=\"container\">\n\t\t<div class=\"elementor-element elementor-element-72e5881 e-con-full e-flex e-con e-child\" data-id=\"72e5881\" data-element_type=\"container\" data-e-type=\"container\">\n\t\t\t\t<div class=\"elementor-element elementor-element-94c6559 elementor-widget__width-initial elementor-widget elementor-widget-text-editor\" data-id=\"94c6559\" data-element_type=\"widget\" data-e-type=\"widget\" data-widget_type=\"text-editor.default\">\n\t\t\t\t<div class=\"elementor-widget-container\">\n\t\t\t\t\t\t\t\t\t<p>21\/02\/2025<\/p>\t\t\t\t\t\t\t\t<\/div>\n\t\t\t\t<\/div>\n\t\t\t\t<div class=\"elementor-element elementor-element-b1ed74d elementor-align-end elementor-icon-list--layout-traditional elementor-list-item-link-full_width elementor-widget elementor-widget-icon-list\" data-id=\"b1ed74d\" data-element_type=\"widget\" data-e-type=\"widget\" data-widget_type=\"icon-list.default\">\n\t\t\t\t<div class=\"elementor-widget-container\">\n\t\t\t\t\t\t\t<ul class=\"elementor-icon-list-items\">\n\t\t\t\t\t\t\t<li class=\"elementor-icon-list-item\">\n\t\t\t\t\t\t\t\t\t\t\t<a href=\"https:\/\/www.bmktrans.net\/web-sitemiz-yayinda-lojistikte-yeni-donem-basladi\/\">\n\n\t\t\t\t\t\t\t\t\t\t\t<span class=\"elementor-icon-list-text\">Our Website is Live: A New Era in Logistics Has Begun<\/span>\n\t\t\t\t\t\t\t\t\t\t\t<\/a>\n\t\t\t\t\t\t\t\t\t<\/li>\n\t\t\t\t\t\t<\/ul>\n\t\t\t\t\t\t<\/div>\n\t\t\t\t<\/div>\n\t\t\t\t<\/div>\n\t\t\t\t<div class=\"elementor-element elementor-element-9158931 elementor-widget__width-initial elementor-widget elementor-widget-image\" data-id=\"9158931\" data-element_type=\"widget\" data-e-type=\"widget\" data-widget_type=\"image.default\">\n\t\t\t\t<div class=\"elementor-widget-container\">\n\t\t\t\t\t\t\t\t\t\t\t\t\t\t\t<img fetchpriority=\"high\" decoding=\"async\" width=\"1024\" height=\"478\" src=\"https:\/\/www.bmktrans.net\/wp-content\/uploads\/2026\/03\/WEB-Sitemiz-Guncellendi-1-1024x478.png\" class=\"attachment-large size-large wp-image-8552\" alt=\"\" srcset=\"https:\/\/www.bmktrans.net\/wp-content\/uploads\/2026\/03\/WEB-Sitemiz-Guncellendi-1-1024x478.png 1024w, https:\/\/www.bmktrans.net\/wp-content\/uploads\/2026\/03\/WEB-Sitemiz-Guncellendi-1-300x140.png 300w, https:\/\/www.bmktrans.net\/wp-content\/uploads\/2026\/03\/WEB-Sitemiz-Guncellendi-1-768x358.png 768w, https:\/\/www.bmktrans.net\/wp-content\/uploads\/2026\/03\/WEB-Sitemiz-Guncellendi-1-1536x717.png 1536w, https:\/\/www.bmktrans.net\/wp-content\/uploads\/2026\/03\/WEB-Sitemiz-Guncellendi-1-2048x956.png 2048w, https:\/\/www.bmktrans.net\/wp-content\/uploads\/2026\/03\/WEB-Sitemiz-Guncellendi-1-18x8.png 18w, https:\/\/www.bmktrans.net\/wp-content\/uploads\/2026\/03\/WEB-Sitemiz-Guncellendi-1-24x11.png 24w, https:\/\/www.bmktrans.net\/wp-content\/uploads\/2026\/03\/WEB-Sitemiz-Guncellendi-1-36x17.png 36w, https:\/\/www.bmktrans.net\/wp-content\/uploads\/2026\/03\/WEB-Sitemiz-Guncellendi-1-48x22.png 48w\" sizes=\"(max-width: 1024px) 100vw, 1024px\" \/>\t\t\t\t\t\t\t\t\t\t\t\t\t\t\t<\/div>\n\t\t\t\t<\/div>\n\t\t\t\t<\/div>\n\t\t\t\t<\/div>\n\t\t\t\t\t<\/div>\n\t\t\t\t<\/div>\n\t\t<div class=\"elementor-element elementor-element-3440bea e-flex e-con-boxed e-con e-parent\" data-id=\"3440bea\" data-element_type=\"container\" data-e-type=\"container\">\n\t\t\t\t\t<div class=\"e-con-inner\">\n\t\t<div class=\"elementor-element elementor-element-608c4dc e-con-full e-flex e-con e-child\" data-id=\"608c4dc\" data-element_type=\"container\" data-e-type=\"container\">\n\t\t<div class=\"elementor-element elementor-element-5d4f2fa e-con-full e-flex e-con e-child\" data-id=\"5d4f2fa\" data-element_type=\"container\" data-e-type=\"container\">\n\t\t\t\t<div class=\"elementor-element elementor-element-54d092c elementor-widget__width-initial elementor-widget elementor-widget-text-editor\" data-id=\"54d092c\" data-element_type=\"widget\" data-e-type=\"widget\" data-widget_type=\"text-editor.default\">\n\t\t\t\t<div class=\"elementor-widget-container\">\n\t\t\t\t\t\t\t\t\t<p>21\/02\/2025<\/p>\t\t\t\t\t\t\t\t<\/div>\n\t\t\t\t<\/div>\n\t\t\t\t<div class=\"elementor-element elementor-element-239e115 elementor-widget elementor-widget-html\" data-id=\"239e115\" data-element_type=\"widget\" data-e-type=\"widget\" data-widget_type=\"html.default\">\n\t\t\t\t<div class=\"elementor-widget-container\">\n\t\t\t\t\t<!DOCTYPE html>\r\n<html lang=\"tr\">\r\n<head>\r\n  <meta charset=\"UTF-8\">\r\n  <meta name=\"viewport\" content=\"width=device-width, initial-scale=1.0\">\r\n  <title>BMK Trans Noktal\u0131 Ba\u015fl\u0131k<\/title>\r\n  <link href=\"https:\/\/fonts.googleapis.com\/css2?family=Poppins:wght@500;600&display=swap\" rel=\"stylesheet\">\r\n  <style>\r\n    .dotted-title {\r\n      display: flex;\r\n      align-items: center;\r\n      font-family: 'Poppins', sans-serif;\r\n      font-size: 14px;\r\n      font-weight: 500;\r\n      color: #C0C0C0; \/* A\u00e7\u0131k gri *\/\r\n      transition: color 0.3s ease; \/* Hover efekti i\u00e7in ge\u00e7i\u015f *\/\r\n    }\r\n\r\n    .dotted-title::before {\r\n      content: \"\u2022\";\r\n      color: #083654; \/* Koyu k\u0131rm\u0131z\u0131 nokta *\/\r\n      font-size: 20px;\r\n      margin-right: 8px;\r\n    }\r\n\r\n    .dotted-title a {\r\n      text-decoration: none;\r\n      color: inherit;\r\n      transition: color 0.3s ease;\r\n    }\r\n\r\n    .dotted-title a:hover {\r\n      color: #083654; \/* Hover rengi *\/\r\n    }\r\n  <\/style>\r\n<\/head>\r\n<body>\r\n  <p class=\"dotted-title\">\r\n    <a href=\"https:\/\/www.bmktrans.net\" target=\"_blank\">BMK Trans<\/a>\r\n  <\/p>\r\n<\/body>\r\n<\/html>\r\n\t\t\t\t<\/div>\n\t\t\t\t<\/div>\n\t\t\t\t<div class=\"elementor-element elementor-element-79501b9 elementor-align-start elementor-icon-list--layout-traditional elementor-list-item-link-full_width elementor-widget elementor-widget-icon-list\" data-id=\"79501b9\" data-element_type=\"widget\" data-e-type=\"widget\" data-widget_type=\"icon-list.default\">\n\t\t\t\t<div class=\"elementor-widget-container\">\n\t\t\t\t\t\t\t<ul class=\"elementor-icon-list-items\">\n\t\t\t\t\t\t\t<li class=\"elementor-icon-list-item\">\n\t\t\t\t\t\t\t\t\t\t\t<a href=\"https:\/\/www.bmktrans.net\/haberler\/bmk-trans-lojistik-sektorunde-deneyim-ve-basari\/\">\n\n\t\t\t\t\t\t\t\t\t\t\t<span class=\"elementor-icon-list-text\">BMK Trans: Experience and Success in the Logistics Sector<\/span>\n\t\t\t\t\t\t\t\t\t\t\t<\/a>\n\t\t\t\t\t\t\t\t\t<\/li>\n\t\t\t\t\t\t<\/ul>\n\t\t\t\t\t\t<\/div>\n\t\t\t\t<\/div>\n\t\t\t\t<div class=\"elementor-element elementor-element-0eeb9c9 elementor-widget elementor-widget-sina_dynamic_button\" data-id=\"0eeb9c9\" data-element_type=\"widget\" data-e-type=\"widget\" data-widget_type=\"sina_dynamic_button.default\">\n\t\t\t\t<div class=\"elementor-widget-container\">\n\t\t\t\t\t\t\t<div class=\"sina-dynamic-button\">\r\n\t\t\t<a  class=\"sina-dynamic-btn   sina-hv-slide-l\" href=\"https:\/\/www.bmktrans.net\/haberler\/bmk-trans-lojistik-sektorunde-deneyim-ve-basari\/\"\r\n\t\t\t\t\t\t\t\t\t\t\t\t>\r\n\t\t\t\t\t\t\tMore\t\t\t\t\t<\/a>\r\n\t\t<\/div><!-- .sina-dynamic-button -->\r\n\t\t\t\t\t\t<\/div>\n\t\t\t\t<\/div>\n\t\t\t\t<\/div>\n\t\t\t\t<div class=\"elementor-element elementor-element-0c390cd elementor-widget__width-initial elementor-widget elementor-widget-image\" data-id=\"0c390cd\" data-element_type=\"widget\" data-e-type=\"widget\" data-widget_type=\"image.default\">\n\t\t\t\t<div class=\"elementor-widget-container\">\n\t\t\t\t\t\t\t\t\t\t\t\t\t\t\t<img decoding=\"async\" width=\"1024\" height=\"478\" src=\"https:\/\/www.bmktrans.net\/wp-content\/uploads\/2025\/04\/haber1-1024x478.png\" class=\"attachment-large size-large wp-image-8128\" alt=\"\" srcset=\"https:\/\/www.bmktrans.net\/wp-content\/uploads\/2025\/04\/haber1-1024x478.png 1024w, https:\/\/www.bmktrans.net\/wp-content\/uploads\/2025\/04\/haber1-300x140.png 300w, https:\/\/www.bmktrans.net\/wp-content\/uploads\/2025\/04\/haber1-768x358.png 768w, https:\/\/www.bmktrans.net\/wp-content\/uploads\/2025\/04\/haber1-1536x717.png 1536w, https:\/\/www.bmktrans.net\/wp-content\/uploads\/2025\/04\/haber1-2048x956.png 2048w, https:\/\/www.bmktrans.net\/wp-content\/uploads\/2025\/04\/haber1-18x8.png 18w, https:\/\/www.bmktrans.net\/wp-content\/uploads\/2025\/04\/haber1-24x11.png 24w, https:\/\/www.bmktrans.net\/wp-content\/uploads\/2025\/04\/haber1-36x17.png 36w, https:\/\/www.bmktrans.net\/wp-content\/uploads\/2025\/04\/haber1-48x22.png 48w\" sizes=\"(max-width: 1024px) 100vw, 1024px\" \/>\t\t\t\t\t\t\t\t\t\t\t\t\t\t\t<\/div>\n\t\t\t\t<\/div>\n\t\t\t\t<\/div>\n\t\t\t\t\t<\/div>\n\t\t\t\t<\/div>\n\t\t\t\t<\/div>","protected":false},"excerpt":{"rendered":"<p>BMK Trans Web Sitemiz Yay\u0131nda: Lojistikte Yeni D\u00f6nem Ba\u015flad\u0131 Web sitemiz art\u0131k yay\u0131nda. Bu sadece bir \u201csite a\u00e7t\u0131k\u201d meselesi de\u011fil; i\u015fimizi daha \u015feffaf, daha h\u0131zl\u0131 ve daha ula\u015f\u0131labilir hale getirme ad\u0131m\u0131. Lojistik sekt\u00f6r\u00fcnde g\u00fcven, h\u0131z ve do\u011fru planlama her \u015feydir. Biz de bu anlay\u0131\u015f\u0131 dijital ortama ta\u015f\u0131yarak m\u00fc\u015fterilerimizin s\u00fcre\u00e7leri daha net g\u00f6rmesini ve bize daha&#8230;<\/p>","protected":false},"author":1,"featured_media":0,"parent":0,"menu_order":0,"comment_status":"closed","ping_status":"closed","template":"","meta":{"_kadence_starter_templates_imported_post":false,"_kad_post_transparent":"","_kad_post_title":"hide","_kad_post_layout":"fullwidth","_kad_post_sidebar_id":"","_kad_post_content_style":"unboxed","_kad_post_vertical_padding":"hide","_kad_post_feature":"hide","_kad_post_feature_position":"","_kad_post_header":false,"_kad_post_footer":false,"_kad_post_classname":"","footnotes":""},"class_list":["post-8413","page","type-page","status-publish","hentry"],"_links":{"self":[{"href":"https:\/\/www.bmktrans.net\/en\/wp-json\/wp\/v2\/pages\/8413","targetHints":{"allow":["GET"]}}],"collection":[{"href":"https:\/\/www.bmktrans.net\/en\/wp-json\/wp\/v2\/pages"}],"about":[{"href":"https:\/\/www.bmktrans.net\/en\/wp-json\/wp\/v2\/types\/page"}],"author":[{"embeddable":true,"href":"https:\/\/www.bmktrans.net\/en\/wp-json\/wp\/v2\/users\/1"}],"replies":[{"embeddable":true,"href":"https:\/\/www.bmktrans.net\/en\/wp-json\/wp\/v2\/comments?post=8413"}],"version-history":[{"count":10,"href":"https:\/\/www.bmktrans.net\/en\/wp-json\/wp\/v2\/pages\/8413\/revisions"}],"predecessor-version":[{"id":8559,"href":"https:\/\/www.bmktrans.net\/en\/wp-json\/wp\/v2\/pages\/8413\/revisions\/8559"}],"wp:attachment":[{"href":"https:\/\/www.bmktrans.net\/en\/wp-json\/wp\/v2\/media?parent=8413"}],"curies":[{"name":"wp","href":"https:\/\/api.w.org\/{rel}","templated":true}]}}