{"id":3922,"date":"2025-02-21T16:26:43","date_gmt":"2025-02-21T13:26:43","guid":{"rendered":"http:\/\/www.bmktrans.net\/?page_id=3922"},"modified":"2026-04-08T17:22:41","modified_gmt":"2026-04-08T14:22:41","slug":"bmk-trans-lojistik-stratejileri-verimliligi-artiran-adimlar","status":"publish","type":"page","link":"https:\/\/www.bmktrans.net\/en\/haberler\/bmk-trans-lojistik-stratejileri-verimliligi-artiran-adimlar\/","title":{"rendered":"BMK Trans Logistics Strategies: Steps to Increase Efficiency"},"content":{"rendered":"<div data-elementor-type=\"wp-page\" data-elementor-id=\"3922\" class=\"elementor elementor-3922\">\n\t\t\t\t<div class=\"elementor-element elementor-element-74f8a7e9 e-flex e-con-boxed e-con e-parent\" data-id=\"74f8a7e9\" data-element_type=\"container\" data-e-type=\"container\">\n\t\t\t\t\t<div class=\"e-con-inner\">\n\t\t<div class=\"elementor-element elementor-element-12932ce e-con-full e-flex e-con e-child\" data-id=\"12932ce\" data-element_type=\"container\" data-e-type=\"container\">\n\t\t\t\t<div class=\"elementor-element elementor-element-d36378a elementor-list-item-link-full_width elementor-widget elementor-widget-icon-list\" data-id=\"d36378a\" data-element_type=\"widget\" data-e-type=\"widget\" data-widget_type=\"icon-list.default\">\n\t\t\t\t<div class=\"elementor-widget-container\">\n\t\t\t\t\t\t\t<ul class=\"elementor-icon-list-items\">\n\t\t\t\t\t\t\t<li class=\"elementor-icon-list-item\">\n\t\t\t\t\t\t\t\t\t\t\t<a href=\"https:\/\/www.bmktrans.net\">\n\n\t\t\t\t\t\t\t\t\t\t\t\t<span class=\"elementor-icon-list-icon\">\n\t\t\t\t\t\t\t<svg aria-hidden=\"true\" class=\"e-font-icon-svg e-fas-circle\" viewbox=\"0 0 512 512\" xmlns=\"http:\/\/www.w3.org\/2000\/svg\"><path d=\"M256 8C119 8 8 119 8 256s111 248 248 248 248-111 248-248S393 8 256 8z\"><\/path><\/svg>\t\t\t\t\t\t<\/span>\n\t\t\t\t\t\t\t\t\t\t<span class=\"elementor-icon-list-text\">BMK Trans<\/span>\n\t\t\t\t\t\t\t\t\t\t\t<\/a>\n\t\t\t\t\t\t\t\t\t<\/li>\n\t\t\t\t\t\t<\/ul>\n\t\t\t\t\t\t<\/div>\n\t\t\t\t<\/div>\n\t\t\t\t<div class=\"elementor-element elementor-element-43dffd62 elementor-widget elementor-widget-text-editor\" data-id=\"43dffd62\" data-element_type=\"widget\" data-e-type=\"widget\" data-widget_type=\"text-editor.default\">\n\t\t\t\t<div class=\"elementor-widget-container\">\n\t\t\t\t\t\t\t\t\t<p>BMK Trans Logistics Strategies: Steps to Increase Efficiency<\/p>\t\t\t\t\t\t\t\t<\/div>\n\t\t\t\t<\/div>\n\t\t\t\t<div class=\"elementor-element elementor-element-1a12ecc0 elementor-widget elementor-widget-image\" data-id=\"1a12ecc0\" data-element_type=\"widget\" data-e-type=\"widget\" data-widget_type=\"image.default\">\n\t\t\t\t<div class=\"elementor-widget-container\">\n\t\t\t\t\t\t\t\t\t\t\t\t\t\t\t<img fetchpriority=\"high\" decoding=\"async\" width=\"1024\" height=\"478\" src=\"https:\/\/www.bmktrans.net\/wp-content\/uploads\/2025\/02\/1-1024x478.png\" class=\"attachment-large size-large wp-image-3901\" alt=\"\" srcset=\"https:\/\/www.bmktrans.net\/wp-content\/uploads\/2025\/02\/1-1024x478.png 1024w, https:\/\/www.bmktrans.net\/wp-content\/uploads\/2025\/02\/1-300x140.png 300w, https:\/\/www.bmktrans.net\/wp-content\/uploads\/2025\/02\/1-768x358.png 768w, https:\/\/www.bmktrans.net\/wp-content\/uploads\/2025\/02\/1-1536x717.png 1536w, https:\/\/www.bmktrans.net\/wp-content\/uploads\/2025\/02\/1-2048x956.png 2048w, https:\/\/www.bmktrans.net\/wp-content\/uploads\/2025\/02\/1-18x8.png 18w\" sizes=\"(max-width: 1024px) 100vw, 1024px\" \/>\t\t\t\t\t\t\t\t\t\t\t\t\t\t\t<\/div>\n\t\t\t\t<\/div>\n\t\t\t\t<div class=\"elementor-element elementor-element-16607459 elementor-widget elementor-widget-text-editor\" data-id=\"16607459\" data-element_type=\"widget\" data-e-type=\"widget\" data-widget_type=\"text-editor.default\">\n\t\t\t\t<div class=\"elementor-widget-container\">\n\t\t\t\t\t\t\t\t\t<p data-start=\"129\" data-end=\"558\"><strong>BMK Trans<\/strong>With over 45 years of experience, it has reinforced its leadership in the road transportation sector and further strengthened this success with sustainable logistics strategies. <strong data-start=\"309\" data-end=\"455\">The company has adopted a number of innovative approaches to increase efficiency in transportation processes, prioritizing customer satisfaction.<\/strong> These strategies allow both to increase operational speed and reduce costs.<\/p><p data-start=\"560\" data-end=\"935\">In recent years, one of BMK Trans's biggest priorities is optimizing transport routes. <strong data-start=\"655\" data-end=\"856\">Thanks to smart route planning software and GPS-based systems, the company minimizes fuel consumption and delivery times by determining the shortest and most economical route for each delivery.<\/strong> This strategy provides great savings both environmentally and economically.<\/p><p data-start=\"937\" data-end=\"1401\">BMK Trans also attaches great importance to loading and unloading processes. <strong data-start=\"1014\" data-end=\"1153\">It has invested in warehouse management and material handling technologies to carry out transportation operations quickly and smoothly.<\/strong> In this way, loading and unloading times are shortened and operational efficiency increases. Accelerating these processes prevents loss of time in every link of the logistics chain and ensures faster response to customer demands.<\/p><p data-start=\"1403\" data-end=\"1752\">In addition, BMK Trans ensures operational continuity by attaching importance to vehicle maintenance in transportation processes. <strong data-start=\"1526\" data-end=\"1622\">Regular maintenance and checks ensure efficient operation of vehicles and prevent possible malfunctions.<\/strong> This strategy both prevents labor loss and contributes to transportation times running as regularly planned.<\/p><p data-start=\"1754\" data-end=\"2103\">Finally, digitalization and use of technology provide a great advantage for BMK Trans. <strong data-start=\"1851\" data-end=\"1997\">Thanks to technologies such as vehicle tracking systems and instant status reports, transportation processes have become more transparent and controllable.<\/strong> In this way, the company manages its operations more efficiently and provides faster service to its customers.<\/p><p data-start=\"2105\" data-end=\"2431\"><strong data-start=\"2105\" data-end=\"2294\">These strategic steps of BMK Trans not only enable the company to maintain its leadership in the logistics sector, but also enable it to assume a leading role in the sector.<\/strong> Innovative solutions and customer-oriented approaches are among the factors that make BMK Trans stand out in the competitive environment in the sector.<\/p>\t\t\t\t\t\t\t\t<\/div>\n\t\t\t\t<\/div>\n\t\t\t\t<\/div>\n\t\t<div class=\"elementor-element elementor-element-6dea44c1 e-con-full elementor-hidden-tablet elementor-hidden-mobile e-flex e-con e-child\" data-id=\"6dea44c1\" data-element_type=\"container\" data-e-type=\"container\">\n\t\t\t\t<div class=\"elementor-element elementor-element-17d6c7c4 elementor-widget elementor-widget-button\" data-id=\"17d6c7c4\" data-element_type=\"widget\" data-e-type=\"widget\" data-widget_type=\"button.default\">\n\t\t\t\t<div class=\"elementor-widget-container\">\n\t\t\t\t\t\t\t\t\t<div class=\"elementor-button-wrapper\">\n\t\t\t\t\t<a class=\"elementor-button elementor-size-sm\" role=\"button\">\n\t\t\t\t\t\t<span class=\"elementor-button-content-wrapper\">\n\t\t\t\t\t\t<span class=\"elementor-button-icon\">\n\t\t\t\t<svg aria-hidden=\"true\" class=\"e-font-icon-svg e-far-newspaper\" viewbox=\"0 0 576 512\" xmlns=\"http:\/\/www.w3.org\/2000\/svg\"><path d=\"M552 64H112c-20.858 0-38.643 13.377-45.248 32H24c-13.255 0-24 10.745-24 24v272c0 30.928 25.072 56 56 56h496c13.255 0 24-10.745 24-24V88c0-13.255-10.745-24-24-24zM48 392V144h16v248c0 4.411-3.589 8-8 8s-8-3.589-8-8zm480 8H111.422c.374-2.614.578-5.283.578-8V112h416v288zM172 280h136c6.627 0 12-5.373 12-12v-96c0-6.627-5.373-12-12-12H172c-6.627 0-12 5.373-12 12v96c0 6.627 5.373 12 12 12zm28-80h80v40h-80v-40zm-40 140v-24c0-6.627 5.373-12 12-12h136c6.627 0 12 5.373 12 12v24c0 6.627-5.373 12-12 12H172c-6.627 0-12-5.373-12-12zm192 0v-24c0-6.627 5.373-12 12-12h104c6.627 0 12 5.373 12 12v24c0 6.627-5.373 12-12 12H364c-6.627 0-12-5.373-12-12zm0-144v-24c0-6.627 5.373-12 12-12h104c6.627 0 12 5.373 12 12v24c0 6.627-5.373 12-12 12H364c-6.627 0-12-5.373-12-12zm0 72v-24c0-6.627 5.373-12 12-12h104c6.627 0 12 5.373 12 12v24c0 6.627-5.373 12-12 12H364c-6.627 0-12-5.373-12-12z\"><\/path><\/svg>\t\t\t<\/span>\n\t\t\t\t\t\t\t\t\t<span class=\"elementor-button-text\">News<\/span>\n\t\t\t\t\t<\/span>\n\t\t\t\t\t<\/a>\n\t\t\t\t<\/div>\n\t\t\t\t\t\t\t\t<\/div>\n\t\t\t\t<\/div>\n\t\t\t\t<div class=\"elementor-element elementor-element-7311c820 elementor-widget elementor-widget-text-editor\" data-id=\"7311c820\" data-element_type=\"widget\" data-e-type=\"widget\" data-widget_type=\"text-editor.default\">\n\t\t\t\t<div class=\"elementor-widget-container\">\n\t\t\t\t\t\t\t\t\t<p>Latest News<\/p>\t\t\t\t\t\t\t\t<\/div>\n\t\t\t\t<\/div>\n\t\t<div class=\"elementor-element elementor-element-766ed5be e-con-full e-flex e-con e-child\" data-id=\"766ed5be\" data-element_type=\"container\" data-e-type=\"container\">\n\t\t<div class=\"elementor-element elementor-element-981ca2c e-con-full e-flex e-con e-child\" data-id=\"981ca2c\" data-element_type=\"container\" data-e-type=\"container\">\n\t\t\t\t<div class=\"elementor-element elementor-element-1afc07d7 elementor-widget__width-initial elementor-widget elementor-widget-text-editor\" data-id=\"1afc07d7\" data-element_type=\"widget\" data-e-type=\"widget\" data-widget_type=\"text-editor.default\">\n\t\t\t\t<div class=\"elementor-widget-container\">\n\t\t\t\t\t\t\t\t\t<p>21\/02\/2025<\/p>\t\t\t\t\t\t\t\t<\/div>\n\t\t\t\t<\/div>\n\t\t\t\t<div class=\"elementor-element elementor-element-89917aa elementor-align-end elementor-icon-list--layout-traditional elementor-list-item-link-full_width elementor-widget elementor-widget-icon-list\" data-id=\"89917aa\" data-element_type=\"widget\" data-e-type=\"widget\" data-widget_type=\"icon-list.default\">\n\t\t\t\t<div class=\"elementor-widget-container\">\n\t\t\t\t\t\t\t<ul class=\"elementor-icon-list-items\">\n\t\t\t\t\t\t\t<li class=\"elementor-icon-list-item\">\n\t\t\t\t\t\t\t\t\t\t\t<a href=\"https:\/\/www.bmktrans.net\/haberler\/bmk-trans-lojistik-sektorunde-deneyim-ve-basari\/\">\n\n\t\t\t\t\t\t\t\t\t\t\t<span class=\"elementor-icon-list-text\">BMK Trans: Experience and Success in the Logistics Sector<\/span>\n\t\t\t\t\t\t\t\t\t\t\t<\/a>\n\t\t\t\t\t\t\t\t\t<\/li>\n\t\t\t\t\t\t<\/ul>\n\t\t\t\t\t\t<\/div>\n\t\t\t\t<\/div>\n\t\t\t\t<\/div>\n\t\t\t\t<div class=\"elementor-element elementor-element-23e2b8bc elementor-widget__width-initial elementor-widget elementor-widget-image\" data-id=\"23e2b8bc\" data-element_type=\"widget\" data-e-type=\"widget\" data-widget_type=\"image.default\">\n\t\t\t\t<div class=\"elementor-widget-container\">\n\t\t\t\t\t\t\t\t\t\t\t\t\t\t\t<img decoding=\"async\" width=\"1024\" height=\"478\" src=\"https:\/\/www.bmktrans.net\/wp-content\/uploads\/2025\/04\/haber1-1024x478.png\" class=\"attachment-large size-large wp-image-8128\" alt=\"\" srcset=\"https:\/\/www.bmktrans.net\/wp-content\/uploads\/2025\/04\/haber1-1024x478.png 1024w, https:\/\/www.bmktrans.net\/wp-content\/uploads\/2025\/04\/haber1-300x140.png 300w, https:\/\/www.bmktrans.net\/wp-content\/uploads\/2025\/04\/haber1-768x358.png 768w, https:\/\/www.bmktrans.net\/wp-content\/uploads\/2025\/04\/haber1-1536x717.png 1536w, https:\/\/www.bmktrans.net\/wp-content\/uploads\/2025\/04\/haber1-2048x956.png 2048w, https:\/\/www.bmktrans.net\/wp-content\/uploads\/2025\/04\/haber1-18x8.png 18w, https:\/\/www.bmktrans.net\/wp-content\/uploads\/2025\/04\/haber1-24x11.png 24w, https:\/\/www.bmktrans.net\/wp-content\/uploads\/2025\/04\/haber1-36x17.png 36w, https:\/\/www.bmktrans.net\/wp-content\/uploads\/2025\/04\/haber1-48x22.png 48w\" sizes=\"(max-width: 1024px) 100vw, 1024px\" \/>\t\t\t\t\t\t\t\t\t\t\t\t\t\t\t<\/div>\n\t\t\t\t<\/div>\n\t\t\t\t<\/div>\n\t\t\t\t<div class=\"elementor-element elementor-element-4ea5550 elementor-widget-divider--view-line elementor-widget elementor-widget-divider\" data-id=\"4ea5550\" data-element_type=\"widget\" data-e-type=\"widget\" data-widget_type=\"divider.default\">\n\t\t\t\t<div class=\"elementor-widget-container\">\n\t\t\t\t\t\t\t<div class=\"elementor-divider\">\n\t\t\t<span class=\"elementor-divider-separator\">\n\t\t\t\t\t\t<\/span>\n\t\t<\/div>\n\t\t\t\t\t\t<\/div>\n\t\t\t\t<\/div>\n\t\t<div class=\"elementor-element elementor-element-5a327922 e-con-full e-flex e-con e-child\" data-id=\"5a327922\" data-element_type=\"container\" data-e-type=\"container\">\n\t\t<div class=\"elementor-element elementor-element-2401af82 e-con-full e-flex e-con e-child\" data-id=\"2401af82\" data-element_type=\"container\" data-e-type=\"container\">\n\t\t\t\t<div class=\"elementor-element elementor-element-7135fe39 elementor-widget__width-initial elementor-widget elementor-widget-text-editor\" data-id=\"7135fe39\" data-element_type=\"widget\" data-e-type=\"widget\" data-widget_type=\"text-editor.default\">\n\t\t\t\t<div class=\"elementor-widget-container\">\n\t\t\t\t\t\t\t\t\t<p>21\/02\/2025<\/p>\t\t\t\t\t\t\t\t<\/div>\n\t\t\t\t<\/div>\n\t\t\t\t<div class=\"elementor-element elementor-element-1c07ab2 elementor-align-end elementor-icon-list--layout-traditional elementor-list-item-link-full_width elementor-widget elementor-widget-icon-list\" data-id=\"1c07ab2\" data-element_type=\"widget\" data-e-type=\"widget\" data-widget_type=\"icon-list.default\">\n\t\t\t\t<div class=\"elementor-widget-container\">\n\t\t\t\t\t\t\t<ul class=\"elementor-icon-list-items\">\n\t\t\t\t\t\t\t<li class=\"elementor-icon-list-item\">\n\t\t\t\t\t\t\t\t\t\t\t<a href=\"https:\/\/www.bmktrans.net\/haberler\/bmk-trans-lojistik-stratejileri-verimliligi-artiran-adimlar\/\">\n\n\t\t\t\t\t\t\t\t\t\t\t<span class=\"elementor-icon-list-text\">BMK Trans Logistics Strategies: Steps to Increase Efficiency<\/span>\n\t\t\t\t\t\t\t\t\t\t\t<\/a>\n\t\t\t\t\t\t\t\t\t<\/li>\n\t\t\t\t\t\t<\/ul>\n\t\t\t\t\t\t<\/div>\n\t\t\t\t<\/div>\n\t\t\t\t<\/div>\n\t\t\t\t<div class=\"elementor-element elementor-element-54c84603 elementor-widget__width-initial elementor-widget elementor-widget-image\" data-id=\"54c84603\" data-element_type=\"widget\" data-e-type=\"widget\" data-widget_type=\"image.default\">\n\t\t\t\t<div class=\"elementor-widget-container\">\n\t\t\t\t\t\t\t\t\t\t\t\t\t\t\t<img fetchpriority=\"high\" decoding=\"async\" width=\"1024\" height=\"478\" src=\"https:\/\/www.bmktrans.net\/wp-content\/uploads\/2025\/02\/1-1024x478.png\" class=\"attachment-large size-large wp-image-3901\" alt=\"\" srcset=\"https:\/\/www.bmktrans.net\/wp-content\/uploads\/2025\/02\/1-1024x478.png 1024w, https:\/\/www.bmktrans.net\/wp-content\/uploads\/2025\/02\/1-300x140.png 300w, https:\/\/www.bmktrans.net\/wp-content\/uploads\/2025\/02\/1-768x358.png 768w, https:\/\/www.bmktrans.net\/wp-content\/uploads\/2025\/02\/1-1536x717.png 1536w, https:\/\/www.bmktrans.net\/wp-content\/uploads\/2025\/02\/1-2048x956.png 2048w, https:\/\/www.bmktrans.net\/wp-content\/uploads\/2025\/02\/1-18x8.png 18w\" sizes=\"(max-width: 1024px) 100vw, 1024px\" \/>\t\t\t\t\t\t\t\t\t\t\t\t\t\t\t<\/div>\n\t\t\t\t<\/div>\n\t\t\t\t<\/div>\n\t\t<div class=\"elementor-element elementor-element-353fb1d e-con-full e-flex e-con e-child\" data-id=\"353fb1d\" data-element_type=\"container\" data-e-type=\"container\">\n\t\t<div class=\"elementor-element elementor-element-505b40d e-con-full e-flex e-con e-child\" data-id=\"505b40d\" data-element_type=\"container\" data-e-type=\"container\">\n\t\t\t\t<div class=\"elementor-element elementor-element-195ab80 elementor-widget__width-initial elementor-widget elementor-widget-text-editor\" data-id=\"195ab80\" data-element_type=\"widget\" data-e-type=\"widget\" data-widget_type=\"text-editor.default\">\n\t\t\t\t<div class=\"elementor-widget-container\">\n\t\t\t\t\t\t\t\t\t<p>21\/02\/2025<\/p>\t\t\t\t\t\t\t\t<\/div>\n\t\t\t\t<\/div>\n\t\t\t\t<div class=\"elementor-element elementor-element-c464840 elementor-align-end elementor-icon-list--layout-traditional elementor-list-item-link-full_width elementor-widget elementor-widget-icon-list\" data-id=\"c464840\" data-element_type=\"widget\" data-e-type=\"widget\" data-widget_type=\"icon-list.default\">\n\t\t\t\t<div class=\"elementor-widget-container\">\n\t\t\t\t\t\t\t<ul class=\"elementor-icon-list-items\">\n\t\t\t\t\t\t\t<li class=\"elementor-icon-list-item\">\n\t\t\t\t\t\t\t\t\t\t\t<a href=\"https:\/\/www.bmktrans.net\/web-sitemiz-yayinda-lojistikte-yeni-donem-basladi\/\">\n\n\t\t\t\t\t\t\t\t\t\t\t<span class=\"elementor-icon-list-text\">Our Website is Live: A New Era in Logistics Has Begun<\/span>\n\t\t\t\t\t\t\t\t\t\t\t<\/a>\n\t\t\t\t\t\t\t\t\t<\/li>\n\t\t\t\t\t\t<\/ul>\n\t\t\t\t\t\t<\/div>\n\t\t\t\t<\/div>\n\t\t\t\t<\/div>\n\t\t\t\t<div class=\"elementor-element elementor-element-84c8252 elementor-widget__width-initial elementor-widget elementor-widget-image\" data-id=\"84c8252\" data-element_type=\"widget\" data-e-type=\"widget\" data-widget_type=\"image.default\">\n\t\t\t\t<div class=\"elementor-widget-container\">\n\t\t\t\t\t\t\t\t\t\t\t\t\t\t\t<img decoding=\"async\" width=\"1024\" height=\"478\" src=\"https:\/\/www.bmktrans.net\/wp-content\/uploads\/2026\/03\/WEB-Sitemiz-Guncellendi-1-1024x478.png\" class=\"attachment-large size-large wp-image-8552\" alt=\"\" srcset=\"https:\/\/www.bmktrans.net\/wp-content\/uploads\/2026\/03\/WEB-Sitemiz-Guncellendi-1-1024x478.png 1024w, https:\/\/www.bmktrans.net\/wp-content\/uploads\/2026\/03\/WEB-Sitemiz-Guncellendi-1-300x140.png 300w, https:\/\/www.bmktrans.net\/wp-content\/uploads\/2026\/03\/WEB-Sitemiz-Guncellendi-1-768x358.png 768w, https:\/\/www.bmktrans.net\/wp-content\/uploads\/2026\/03\/WEB-Sitemiz-Guncellendi-1-1536x717.png 1536w, https:\/\/www.bmktrans.net\/wp-content\/uploads\/2026\/03\/WEB-Sitemiz-Guncellendi-1-2048x956.png 2048w, https:\/\/www.bmktrans.net\/wp-content\/uploads\/2026\/03\/WEB-Sitemiz-Guncellendi-1-18x8.png 18w, https:\/\/www.bmktrans.net\/wp-content\/uploads\/2026\/03\/WEB-Sitemiz-Guncellendi-1-24x11.png 24w, https:\/\/www.bmktrans.net\/wp-content\/uploads\/2026\/03\/WEB-Sitemiz-Guncellendi-1-36x17.png 36w, https:\/\/www.bmktrans.net\/wp-content\/uploads\/2026\/03\/WEB-Sitemiz-Guncellendi-1-48x22.png 48w\" sizes=\"(max-width: 1024px) 100vw, 1024px\" \/>\t\t\t\t\t\t\t\t\t\t\t\t\t\t\t<\/div>\n\t\t\t\t<\/div>\n\t\t\t\t<\/div>\n\t\t\t\t<\/div>\n\t\t\t\t\t<\/div>\n\t\t\t\t<\/div>\n\t\t<div class=\"elementor-element elementor-element-3d2c7ea1 e-flex e-con-boxed e-con e-parent\" data-id=\"3d2c7ea1\" data-element_type=\"container\" data-e-type=\"container\">\n\t\t\t\t\t<div class=\"e-con-inner\">\n\t\t<div class=\"elementor-element elementor-element-2da41045 e-con-full e-flex e-con e-child\" data-id=\"2da41045\" data-element_type=\"container\" data-e-type=\"container\">\n\t\t<div class=\"elementor-element elementor-element-1ab73832 e-con-full e-flex e-con e-child\" data-id=\"1ab73832\" data-element_type=\"container\" data-e-type=\"container\">\n\t\t\t\t<div class=\"elementor-element elementor-element-a0022ea elementor-widget__width-initial elementor-widget elementor-widget-text-editor\" data-id=\"a0022ea\" data-element_type=\"widget\" data-e-type=\"widget\" data-widget_type=\"text-editor.default\">\n\t\t\t\t<div class=\"elementor-widget-container\">\n\t\t\t\t\t\t\t\t\t<p>21\/02\/2025<\/p>\t\t\t\t\t\t\t\t<\/div>\n\t\t\t\t<\/div>\n\t\t\t\t<div class=\"elementor-element elementor-element-6d3a36f4 elementor-widget elementor-widget-html\" data-id=\"6d3a36f4\" data-element_type=\"widget\" data-e-type=\"widget\" data-widget_type=\"html.default\">\n\t\t\t\t<div class=\"elementor-widget-container\">\n\t\t\t\t\t<!DOCTYPE html>\r\n<html lang=\"tr\">\r\n<head>\r\n  <meta charset=\"UTF-8\">\r\n  <meta name=\"viewport\" content=\"width=device-width, initial-scale=1.0\">\r\n  <title>BMK Trans Noktal\u0131 Ba\u015fl\u0131k<\/title>\r\n  <link href=\"https:\/\/fonts.googleapis.com\/css2?family=Poppins:wght@500;600&display=swap\" rel=\"stylesheet\">\r\n  <style>\r\n    .dotted-title {\r\n      display: flex;\r\n      align-items: center;\r\n      font-family: 'Poppins', sans-serif;\r\n      font-size: 14px;\r\n      font-weight: 500;\r\n      color: #C0C0C0; \/* A\u00e7\u0131k gri *\/\r\n      transition: color 0.3s ease; \/* Hover efekti i\u00e7in ge\u00e7i\u015f *\/\r\n    }\r\n\r\n    .dotted-title::before {\r\n      content: \"\u2022\";\r\n      color: #083654; \/* Koyu k\u0131rm\u0131z\u0131 nokta *\/\r\n      font-size: 20px;\r\n      margin-right: 8px;\r\n    }\r\n\r\n    .dotted-title a {\r\n      text-decoration: none;\r\n      color: inherit;\r\n      transition: color 0.3s ease;\r\n    }\r\n\r\n    .dotted-title a:hover {\r\n      color: #083654; \/* Hover rengi *\/\r\n    }\r\n  <\/style>\r\n<\/head>\r\n<body>\r\n  <p class=\"dotted-title\">\r\n    <a href=\"https:\/\/www.bmktrans.net\" target=\"_blank\">BMK Trans<\/a>\r\n  <\/p>\r\n<\/body>\r\n<\/html>\r\n\t\t\t\t<\/div>\n\t\t\t\t<\/div>\n\t\t\t\t<div class=\"elementor-element elementor-element-dcc782f elementor-align-start elementor-icon-list--layout-traditional elementor-list-item-link-full_width elementor-widget elementor-widget-icon-list\" data-id=\"dcc782f\" data-element_type=\"widget\" data-e-type=\"widget\" data-widget_type=\"icon-list.default\">\n\t\t\t\t<div class=\"elementor-widget-container\">\n\t\t\t\t\t\t\t<ul class=\"elementor-icon-list-items\">\n\t\t\t\t\t\t\t<li class=\"elementor-icon-list-item\">\n\t\t\t\t\t\t\t\t\t\t\t<a href=\"https:\/\/www.bmktrans.net\/haberler\/bmk-trans-lojistik-sektorunde-deneyim-ve-basari\/\">\n\n\t\t\t\t\t\t\t\t\t\t\t<span class=\"elementor-icon-list-text\">BMK Trans: Experience and Success in the Logistics Sector<\/span>\n\t\t\t\t\t\t\t\t\t\t\t<\/a>\n\t\t\t\t\t\t\t\t\t<\/li>\n\t\t\t\t\t\t<\/ul>\n\t\t\t\t\t\t<\/div>\n\t\t\t\t<\/div>\n\t\t\t\t<div class=\"elementor-element elementor-element-5c30d12 elementor-widget elementor-widget-sina_dynamic_button\" data-id=\"5c30d12\" data-element_type=\"widget\" data-e-type=\"widget\" data-widget_type=\"sina_dynamic_button.default\">\n\t\t\t\t<div class=\"elementor-widget-container\">\n\t\t\t\t\t\t\t<div class=\"sina-dynamic-button\">\r\n\t\t\t<a  class=\"sina-dynamic-btn   sina-hv-slide-l\" href=\"https:\/\/www.bmktrans.net\/haberler\/bmk-trans-lojistik-sektorunde-deneyim-ve-basari\/\"\r\n\t\t\t\t\t\t\t\t\t\t\t\t>\r\n\t\t\t\t\t\t\tMore\t\t\t\t\t<\/a>\r\n\t\t<\/div><!-- .sina-dynamic-button -->\r\n\t\t\t\t\t\t<\/div>\n\t\t\t\t<\/div>\n\t\t\t\t<\/div>\n\t\t\t\t<div class=\"elementor-element elementor-element-5874f595 elementor-widget__width-initial elementor-widget elementor-widget-image\" data-id=\"5874f595\" data-element_type=\"widget\" data-e-type=\"widget\" data-widget_type=\"image.default\">\n\t\t\t\t<div class=\"elementor-widget-container\">\n\t\t\t\t\t\t\t\t\t\t\t\t\t\t\t<img decoding=\"async\" width=\"1024\" height=\"478\" src=\"https:\/\/www.bmktrans.net\/wp-content\/uploads\/2025\/04\/haber1-1024x478.png\" class=\"attachment-large size-large wp-image-8128\" alt=\"\" srcset=\"https:\/\/www.bmktrans.net\/wp-content\/uploads\/2025\/04\/haber1-1024x478.png 1024w, https:\/\/www.bmktrans.net\/wp-content\/uploads\/2025\/04\/haber1-300x140.png 300w, https:\/\/www.bmktrans.net\/wp-content\/uploads\/2025\/04\/haber1-768x358.png 768w, https:\/\/www.bmktrans.net\/wp-content\/uploads\/2025\/04\/haber1-1536x717.png 1536w, https:\/\/www.bmktrans.net\/wp-content\/uploads\/2025\/04\/haber1-2048x956.png 2048w, https:\/\/www.bmktrans.net\/wp-content\/uploads\/2025\/04\/haber1-18x8.png 18w, https:\/\/www.bmktrans.net\/wp-content\/uploads\/2025\/04\/haber1-24x11.png 24w, https:\/\/www.bmktrans.net\/wp-content\/uploads\/2025\/04\/haber1-36x17.png 36w, https:\/\/www.bmktrans.net\/wp-content\/uploads\/2025\/04\/haber1-48x22.png 48w\" sizes=\"(max-width: 1024px) 100vw, 1024px\" \/>\t\t\t\t\t\t\t\t\t\t\t\t\t\t\t<\/div>\n\t\t\t\t<\/div>\n\t\t\t\t<\/div>\n\t\t\t\t\t<\/div>\n\t\t\t\t<\/div>\n\t\t\t\t<\/div>","protected":false},"excerpt":{"rendered":"<p>BMK Trans BMK Trans Lojistik Stratejileri: Verimlili\u011fi Art\u0131ran Ad\u0131mlar BMK Trans, 45 y\u0131l\u0131 a\u015fk\u0131n tecr\u00fcbesiyle karayolu ta\u015f\u0131mac\u0131l\u0131\u011f\u0131nda sekt\u00f6rdeki liderli\u011fini peki\u015ftirmi\u015f ve bu ba\u015far\u0131s\u0131n\u0131 s\u00fcrd\u00fcr\u00fclebilir lojistik stratejileriyle daha da g\u00fc\u00e7lendirmi\u015ftir. \u015eirket, m\u00fc\u015fteri memnuniyetini \u00f6n planda tutarak, ta\u015f\u0131mac\u0131l\u0131k s\u00fcre\u00e7lerinde verimlili\u011fi art\u0131rmak i\u00e7in bir dizi yenilik\u00e7i yakla\u015f\u0131m benimsemi\u015ftir. Bu stratejiler, hem operasyonel h\u0131z\u0131n artmas\u0131na hem de maliyetlerin d\u00fc\u015f\u00fcr\u00fclmesine&#8230;<\/p>","protected":false},"author":1,"featured_media":0,"parent":3948,"menu_order":0,"comment_status":"closed","ping_status":"closed","template":"","meta":{"_kadence_starter_templates_imported_post":false,"_kad_post_transparent":"","_kad_post_title":"hide","_kad_post_layout":"fullwidth","_kad_post_sidebar_id":"","_kad_post_content_style":"unboxed","_kad_post_vertical_padding":"hide","_kad_post_feature":"hide","_kad_post_feature_position":"","_kad_post_header":false,"_kad_post_footer":false,"_kad_post_classname":"","footnotes":""},"class_list":["post-3922","page","type-page","status-publish","hentry"],"_links":{"self":[{"href":"https:\/\/www.bmktrans.net\/en\/wp-json\/wp\/v2\/pages\/3922","targetHints":{"allow":["GET"]}}],"collection":[{"href":"https:\/\/www.bmktrans.net\/en\/wp-json\/wp\/v2\/pages"}],"about":[{"href":"https:\/\/www.bmktrans.net\/en\/wp-json\/wp\/v2\/types\/page"}],"author":[{"embeddable":true,"href":"https:\/\/www.bmktrans.net\/en\/wp-json\/wp\/v2\/users\/1"}],"replies":[{"embeddable":true,"href":"https:\/\/www.bmktrans.net\/en\/wp-json\/wp\/v2\/comments?post=3922"}],"version-history":[{"count":33,"href":"https:\/\/www.bmktrans.net\/en\/wp-json\/wp\/v2\/pages\/3922\/revisions"}],"predecessor-version":[{"id":8562,"href":"https:\/\/www.bmktrans.net\/en\/wp-json\/wp\/v2\/pages\/3922\/revisions\/8562"}],"up":[{"embeddable":true,"href":"https:\/\/www.bmktrans.net\/en\/wp-json\/wp\/v2\/pages\/3948"}],"wp:attachment":[{"href":"https:\/\/www.bmktrans.net\/en\/wp-json\/wp\/v2\/media?parent=3922"}],"curies":[{"name":"wp","href":"https:\/\/api.w.org\/{rel}","templated":true}]}}