{"id":3916,"date":"2025-02-21T16:25:28","date_gmt":"2025-02-21T13:25:28","guid":{"rendered":"http:\/\/www.bmktrans.net\/?page_id=3916"},"modified":"2026-04-08T17:23:30","modified_gmt":"2026-04-08T14:23:30","slug":"bmk-trans-lojistik-sektorunde-deneyim-ve-basari","status":"publish","type":"page","link":"https:\/\/www.bmktrans.net\/en\/haberler\/bmk-trans-lojistik-sektorunde-deneyim-ve-basari\/","title":{"rendered":"BMK Trans: Experience and Success in the Logistics Sector"},"content":{"rendered":"<div data-elementor-type=\"wp-page\" data-elementor-id=\"3916\" class=\"elementor elementor-3916\">\n\t\t\t\t<div class=\"elementor-element elementor-element-4318a850 e-flex e-con-boxed elementor-invisible e-con e-parent\" data-id=\"4318a850\" data-element_type=\"container\" data-e-type=\"container\" data-settings=\"{&quot;animation&quot;:&quot;fadeIn&quot;}\">\n\t\t\t\t\t<div class=\"e-con-inner\">\n\t\t<div class=\"elementor-element elementor-element-5e672fd6 e-con-full e-flex e-con e-child\" data-id=\"5e672fd6\" data-element_type=\"container\" data-e-type=\"container\">\n\t\t\t\t<div class=\"elementor-element elementor-element-a7483d9 elementor-list-item-link-full_width elementor-widget elementor-widget-icon-list\" data-id=\"a7483d9\" data-element_type=\"widget\" data-e-type=\"widget\" data-widget_type=\"icon-list.default\">\n\t\t\t\t<div class=\"elementor-widget-container\">\n\t\t\t\t\t\t\t<ul class=\"elementor-icon-list-items\">\n\t\t\t\t\t\t\t<li class=\"elementor-icon-list-item\">\n\t\t\t\t\t\t\t\t\t\t\t<a href=\"https:\/\/www.bmktrans.net\">\n\n\t\t\t\t\t\t\t\t\t\t\t\t<span class=\"elementor-icon-list-icon\">\n\t\t\t\t\t\t\t<svg aria-hidden=\"true\" class=\"e-font-icon-svg e-fas-circle\" viewbox=\"0 0 512 512\" xmlns=\"http:\/\/www.w3.org\/2000\/svg\"><path d=\"M256 8C119 8 8 119 8 256s111 248 248 248 248-111 248-248S393 8 256 8z\"><\/path><\/svg>\t\t\t\t\t\t<\/span>\n\t\t\t\t\t\t\t\t\t\t<span class=\"elementor-icon-list-text\">BMK Trans<\/span>\n\t\t\t\t\t\t\t\t\t\t\t<\/a>\n\t\t\t\t\t\t\t\t\t<\/li>\n\t\t\t\t\t\t<\/ul>\n\t\t\t\t\t\t<\/div>\n\t\t\t\t<\/div>\n\t\t\t\t<div class=\"elementor-element elementor-element-3fe4afd1 elementor-widget elementor-widget-text-editor\" data-id=\"3fe4afd1\" data-element_type=\"widget\" data-e-type=\"widget\" data-widget_type=\"text-editor.default\">\n\t\t\t\t<div class=\"elementor-widget-container\">\n\t\t\t\t\t\t\t\t\t<p>BMK Trans: Experience and Success in the Logistics Sector<\/p>\t\t\t\t\t\t\t\t<\/div>\n\t\t\t\t<\/div>\n\t\t\t\t<div class=\"elementor-element elementor-element-5c2cd772 elementor-widget elementor-widget-text-editor\" data-id=\"5c2cd772\" data-element_type=\"widget\" data-e-type=\"widget\" data-widget_type=\"text-editor.default\">\n\t\t\t\t<div class=\"elementor-widget-container\">\n\t\t\t\t\t\t\t\t\t<p><strong>BMK Trans<\/strong>With over 45 years of experience, it has a strong position in the field of international logistics. The company draws attention with its import and export transportation services, especially in the Balkans and Caucasus regions. Transport operations in these regions enable trade to occur faster and more efficiently.<\/p>\t\t\t\t\t\t\t\t<\/div>\n\t\t\t\t<\/div>\n\t\t\t\t<div class=\"elementor-element elementor-element-29d8e1f2 elementor-widget elementor-widget-image\" data-id=\"29d8e1f2\" data-element_type=\"widget\" data-e-type=\"widget\" data-widget_type=\"image.default\">\n\t\t\t\t<div class=\"elementor-widget-container\">\n\t\t\t\t\t\t\t\t\t\t\t\t\t\t\t<img fetchpriority=\"high\" decoding=\"async\" width=\"1024\" height=\"478\" src=\"https:\/\/www.bmktrans.net\/wp-content\/uploads\/2025\/04\/haber1-1024x478.png\" class=\"attachment-large size-large wp-image-8128\" alt=\"\" srcset=\"https:\/\/www.bmktrans.net\/wp-content\/uploads\/2025\/04\/haber1-1024x478.png 1024w, https:\/\/www.bmktrans.net\/wp-content\/uploads\/2025\/04\/haber1-300x140.png 300w, https:\/\/www.bmktrans.net\/wp-content\/uploads\/2025\/04\/haber1-768x358.png 768w, https:\/\/www.bmktrans.net\/wp-content\/uploads\/2025\/04\/haber1-1536x717.png 1536w, https:\/\/www.bmktrans.net\/wp-content\/uploads\/2025\/04\/haber1-2048x956.png 2048w, https:\/\/www.bmktrans.net\/wp-content\/uploads\/2025\/04\/haber1-18x8.png 18w, https:\/\/www.bmktrans.net\/wp-content\/uploads\/2025\/04\/haber1-24x11.png 24w, https:\/\/www.bmktrans.net\/wp-content\/uploads\/2025\/04\/haber1-36x17.png 36w, https:\/\/www.bmktrans.net\/wp-content\/uploads\/2025\/04\/haber1-48x22.png 48w\" sizes=\"(max-width: 1024px) 100vw, 1024px\" \/>\t\t\t\t\t\t\t\t\t\t\t\t\t\t\t<\/div>\n\t\t\t\t<\/div>\n\t\t\t\t<div class=\"elementor-element elementor-element-2da144a3 elementor-widget elementor-widget-text-editor\" data-id=\"2da144a3\" data-element_type=\"widget\" data-e-type=\"widget\" data-widget_type=\"text-editor.default\">\n\t\t\t\t<div class=\"elementor-widget-container\">\n\t\t\t\t\t\t\t\t\t<p data-start=\"129\" data-end=\"458\"><strong>BMK Trans<\/strong>offers reliable and efficient solutions to its customers in the field of road transportation with its experience and expert staff in the logistics sector. <strong data-start=\"287\" data-end=\"458\">The company, which stands out with the knowledge it has gained over the years and its strong position in the sector, raises the bar of success in transportation services every day.<\/strong><\/p><p data-start=\"460\" data-end=\"974\">Providing its services with high quality road transportation, BMK Trans provides all kinds of solutions needed in the transportation sector. <strong data-start=\"604\" data-end=\"721\">By making best use of developing technology, it creates superior standards in terms of both speed and security.<\/strong> In this way, on-time delivery and customer satisfaction have become one of BMK Trans's priorities. The company constantly renews itself and follows the developments in the sector in order to always offer the most reliable and fastest solutions to its customers.<\/p><p data-start=\"976\" data-end=\"1391\"><strong data-start=\"976\" data-end=\"1103\">Behind BMK Trans's success in the sector lies its dominance in the regions it transports and the strength of its expert staff.<\/strong> While the meticulous work of professional teams in transportation processes increases operational efficiency, an excellence-oriented approach is displayed at every stage to provide the best service to customers. In this way, the company has managed to reinforce its reliability in the sector for many years.<\/p><p data-start=\"1393\" data-end=\"1710\"><strong data-start=\"1393\" data-end=\"1595\">BMK Trans, which has the highest standards in customer support and satisfaction, aims to establish long-term and healthy business relationships by providing customized solutions for each customer.<\/strong> The company always manages to go beyond its customers' expectations with its customer-oriented service approach.<\/p><p data-start=\"1712\" data-end=\"1988\"><strong data-start=\"1712\" data-end=\"1805\">Its technological infrastructure is one of the most important factors that distinguishes it from other companies in the sector.<\/strong> BMK Trans, which increases the efficiency of transportation processes with advanced vehicle tracking systems and digitalization, offers a better experience to its customers by using technology.<\/p>\t\t\t\t\t\t\t\t<\/div>\n\t\t\t\t<\/div>\n\t\t\t\t<\/div>\n\t\t<div class=\"elementor-element elementor-element-502fa7e3 e-con-full elementor-hidden-tablet elementor-hidden-mobile e-flex e-con e-child\" data-id=\"502fa7e3\" data-element_type=\"container\" data-e-type=\"container\">\n\t\t\t\t<div class=\"elementor-element elementor-element-6ecb015d elementor-widget elementor-widget-button\" data-id=\"6ecb015d\" data-element_type=\"widget\" data-e-type=\"widget\" data-widget_type=\"button.default\">\n\t\t\t\t<div class=\"elementor-widget-container\">\n\t\t\t\t\t\t\t\t\t<div class=\"elementor-button-wrapper\">\n\t\t\t\t\t<a class=\"elementor-button elementor-size-sm\" role=\"button\">\n\t\t\t\t\t\t<span class=\"elementor-button-content-wrapper\">\n\t\t\t\t\t\t<span class=\"elementor-button-icon\">\n\t\t\t\t<svg aria-hidden=\"true\" class=\"e-font-icon-svg e-far-newspaper\" viewbox=\"0 0 576 512\" xmlns=\"http:\/\/www.w3.org\/2000\/svg\"><path d=\"M552 64H112c-20.858 0-38.643 13.377-45.248 32H24c-13.255 0-24 10.745-24 24v272c0 30.928 25.072 56 56 56h496c13.255 0 24-10.745 24-24V88c0-13.255-10.745-24-24-24zM48 392V144h16v248c0 4.411-3.589 8-8 8s-8-3.589-8-8zm480 8H111.422c.374-2.614.578-5.283.578-8V112h416v288zM172 280h136c6.627 0 12-5.373 12-12v-96c0-6.627-5.373-12-12-12H172c-6.627 0-12 5.373-12 12v96c0 6.627 5.373 12 12 12zm28-80h80v40h-80v-40zm-40 140v-24c0-6.627 5.373-12 12-12h136c6.627 0 12 5.373 12 12v24c0 6.627-5.373 12-12 12H172c-6.627 0-12-5.373-12-12zm192 0v-24c0-6.627 5.373-12 12-12h104c6.627 0 12 5.373 12 12v24c0 6.627-5.373 12-12 12H364c-6.627 0-12-5.373-12-12zm0-144v-24c0-6.627 5.373-12 12-12h104c6.627 0 12 5.373 12 12v24c0 6.627-5.373 12-12 12H364c-6.627 0-12-5.373-12-12zm0 72v-24c0-6.627 5.373-12 12-12h104c6.627 0 12 5.373 12 12v24c0 6.627-5.373 12-12 12H364c-6.627 0-12-5.373-12-12z\"><\/path><\/svg>\t\t\t<\/span>\n\t\t\t\t\t\t\t\t\t<span class=\"elementor-button-text\">News<\/span>\n\t\t\t\t\t<\/span>\n\t\t\t\t\t<\/a>\n\t\t\t\t<\/div>\n\t\t\t\t\t\t\t\t<\/div>\n\t\t\t\t<\/div>\n\t\t\t\t<div class=\"elementor-element elementor-element-3115d317 elementor-widget elementor-widget-text-editor\" data-id=\"3115d317\" data-element_type=\"widget\" data-e-type=\"widget\" data-widget_type=\"text-editor.default\">\n\t\t\t\t<div class=\"elementor-widget-container\">\n\t\t\t\t\t\t\t\t\t<p>Latest News<\/p>\t\t\t\t\t\t\t\t<\/div>\n\t\t\t\t<\/div>\n\t\t<div class=\"elementor-element elementor-element-698cc412 e-con-full e-flex e-con e-child\" data-id=\"698cc412\" data-element_type=\"container\" data-e-type=\"container\">\n\t\t<div class=\"elementor-element elementor-element-66f5ff96 e-con-full e-flex e-con e-child\" data-id=\"66f5ff96\" data-element_type=\"container\" data-e-type=\"container\">\n\t\t\t\t<div class=\"elementor-element elementor-element-7f8fd3d9 elementor-widget__width-initial elementor-widget elementor-widget-text-editor\" data-id=\"7f8fd3d9\" data-element_type=\"widget\" data-e-type=\"widget\" data-widget_type=\"text-editor.default\">\n\t\t\t\t<div class=\"elementor-widget-container\">\n\t\t\t\t\t\t\t\t\t<p>21\/02\/2025<\/p>\t\t\t\t\t\t\t\t<\/div>\n\t\t\t\t<\/div>\n\t\t\t\t<div class=\"elementor-element elementor-element-adba763 elementor-align-end elementor-icon-list--layout-traditional elementor-list-item-link-full_width elementor-widget elementor-widget-icon-list\" data-id=\"adba763\" data-element_type=\"widget\" data-e-type=\"widget\" data-widget_type=\"icon-list.default\">\n\t\t\t\t<div class=\"elementor-widget-container\">\n\t\t\t\t\t\t\t<ul class=\"elementor-icon-list-items\">\n\t\t\t\t\t\t\t<li class=\"elementor-icon-list-item\">\n\t\t\t\t\t\t\t\t\t\t\t<a href=\"https:\/\/www.bmktrans.net\/haberler\/bmk-trans-lojistik-stratejileri-verimliligi-artiran-adimlar\/\">\n\n\t\t\t\t\t\t\t\t\t\t\t<span class=\"elementor-icon-list-text\">BMK Trans Logistics Strategies: Steps to Increase Efficiency<\/span>\n\t\t\t\t\t\t\t\t\t\t\t<\/a>\n\t\t\t\t\t\t\t\t\t<\/li>\n\t\t\t\t\t\t<\/ul>\n\t\t\t\t\t\t<\/div>\n\t\t\t\t<\/div>\n\t\t\t\t<\/div>\n\t\t\t\t<div class=\"elementor-element elementor-element-273c76a8 elementor-widget__width-initial elementor-widget elementor-widget-image\" data-id=\"273c76a8\" data-element_type=\"widget\" data-e-type=\"widget\" data-widget_type=\"image.default\">\n\t\t\t\t<div class=\"elementor-widget-container\">\n\t\t\t\t\t\t\t\t\t\t\t\t\t\t\t<img decoding=\"async\" width=\"1024\" height=\"478\" src=\"https:\/\/www.bmktrans.net\/wp-content\/uploads\/2025\/02\/1-1024x478.png\" class=\"attachment-large size-large wp-image-3901\" alt=\"\" srcset=\"https:\/\/www.bmktrans.net\/wp-content\/uploads\/2025\/02\/1-1024x478.png 1024w, https:\/\/www.bmktrans.net\/wp-content\/uploads\/2025\/02\/1-300x140.png 300w, https:\/\/www.bmktrans.net\/wp-content\/uploads\/2025\/02\/1-768x358.png 768w, https:\/\/www.bmktrans.net\/wp-content\/uploads\/2025\/02\/1-1536x717.png 1536w, https:\/\/www.bmktrans.net\/wp-content\/uploads\/2025\/02\/1-2048x956.png 2048w, https:\/\/www.bmktrans.net\/wp-content\/uploads\/2025\/02\/1-18x8.png 18w\" sizes=\"(max-width: 1024px) 100vw, 1024px\" \/>\t\t\t\t\t\t\t\t\t\t\t\t\t\t\t<\/div>\n\t\t\t\t<\/div>\n\t\t\t\t<\/div>\n\t\t\t\t<div class=\"elementor-element elementor-element-6c066658 elementor-widget-divider--view-line elementor-widget elementor-widget-divider\" data-id=\"6c066658\" data-element_type=\"widget\" data-e-type=\"widget\" data-widget_type=\"divider.default\">\n\t\t\t\t<div class=\"elementor-widget-container\">\n\t\t\t\t\t\t\t<div class=\"elementor-divider\">\n\t\t\t<span class=\"elementor-divider-separator\">\n\t\t\t\t\t\t<\/span>\n\t\t<\/div>\n\t\t\t\t\t\t<\/div>\n\t\t\t\t<\/div>\n\t\t<div class=\"elementor-element elementor-element-74006f8e e-con-full e-flex e-con e-child\" data-id=\"74006f8e\" data-element_type=\"container\" data-e-type=\"container\">\n\t\t<div class=\"elementor-element elementor-element-2e990fa6 e-con-full e-flex e-con e-child\" data-id=\"2e990fa6\" data-element_type=\"container\" data-e-type=\"container\">\n\t\t\t\t<div class=\"elementor-element elementor-element-114d803f elementor-widget__width-initial elementor-widget elementor-widget-text-editor\" data-id=\"114d803f\" data-element_type=\"widget\" data-e-type=\"widget\" data-widget_type=\"text-editor.default\">\n\t\t\t\t<div class=\"elementor-widget-container\">\n\t\t\t\t\t\t\t\t\t<p>21\/02\/2025<\/p>\t\t\t\t\t\t\t\t<\/div>\n\t\t\t\t<\/div>\n\t\t\t\t<div class=\"elementor-element elementor-element-d5018d9 elementor-align-end elementor-icon-list--layout-traditional elementor-list-item-link-full_width elementor-widget elementor-widget-icon-list\" data-id=\"d5018d9\" data-element_type=\"widget\" data-e-type=\"widget\" data-widget_type=\"icon-list.default\">\n\t\t\t\t<div class=\"elementor-widget-container\">\n\t\t\t\t\t\t\t<ul class=\"elementor-icon-list-items\">\n\t\t\t\t\t\t\t<li class=\"elementor-icon-list-item\">\n\t\t\t\t\t\t\t\t\t\t\t<a href=\"https:\/\/www.bmktrans.net\/haberler\/bmk-trans-lojistik-sektorunde-deneyim-ve-basari\/\">\n\n\t\t\t\t\t\t\t\t\t\t\t<span class=\"elementor-icon-list-text\">BMK Trans: Experience and Success in the Logistics Sector<\/span>\n\t\t\t\t\t\t\t\t\t\t\t<\/a>\n\t\t\t\t\t\t\t\t\t<\/li>\n\t\t\t\t\t\t<\/ul>\n\t\t\t\t\t\t<\/div>\n\t\t\t\t<\/div>\n\t\t\t\t<\/div>\n\t\t\t\t<div class=\"elementor-element elementor-element-6c2facb8 elementor-widget__width-initial elementor-widget elementor-widget-image\" data-id=\"6c2facb8\" data-element_type=\"widget\" data-e-type=\"widget\" data-widget_type=\"image.default\">\n\t\t\t\t<div class=\"elementor-widget-container\">\n\t\t\t\t\t\t\t\t\t\t\t\t\t\t\t<img fetchpriority=\"high\" decoding=\"async\" width=\"1024\" height=\"478\" src=\"https:\/\/www.bmktrans.net\/wp-content\/uploads\/2025\/04\/haber1-1024x478.png\" class=\"attachment-large size-large wp-image-8128\" alt=\"\" srcset=\"https:\/\/www.bmktrans.net\/wp-content\/uploads\/2025\/04\/haber1-1024x478.png 1024w, https:\/\/www.bmktrans.net\/wp-content\/uploads\/2025\/04\/haber1-300x140.png 300w, https:\/\/www.bmktrans.net\/wp-content\/uploads\/2025\/04\/haber1-768x358.png 768w, https:\/\/www.bmktrans.net\/wp-content\/uploads\/2025\/04\/haber1-1536x717.png 1536w, https:\/\/www.bmktrans.net\/wp-content\/uploads\/2025\/04\/haber1-2048x956.png 2048w, https:\/\/www.bmktrans.net\/wp-content\/uploads\/2025\/04\/haber1-18x8.png 18w, https:\/\/www.bmktrans.net\/wp-content\/uploads\/2025\/04\/haber1-24x11.png 24w, https:\/\/www.bmktrans.net\/wp-content\/uploads\/2025\/04\/haber1-36x17.png 36w, https:\/\/www.bmktrans.net\/wp-content\/uploads\/2025\/04\/haber1-48x22.png 48w\" sizes=\"(max-width: 1024px) 100vw, 1024px\" \/>\t\t\t\t\t\t\t\t\t\t\t\t\t\t\t<\/div>\n\t\t\t\t<\/div>\n\t\t\t\t<\/div>\n\t\t<div class=\"elementor-element elementor-element-321c036 e-con-full e-flex e-con e-child\" data-id=\"321c036\" data-element_type=\"container\" data-e-type=\"container\">\n\t\t<div class=\"elementor-element elementor-element-46a22cd e-con-full e-flex e-con e-child\" data-id=\"46a22cd\" data-element_type=\"container\" data-e-type=\"container\">\n\t\t\t\t<div class=\"elementor-element elementor-element-b8afe6d elementor-widget__width-initial elementor-widget elementor-widget-text-editor\" data-id=\"b8afe6d\" data-element_type=\"widget\" data-e-type=\"widget\" data-widget_type=\"text-editor.default\">\n\t\t\t\t<div class=\"elementor-widget-container\">\n\t\t\t\t\t\t\t\t\t<p>21\/02\/2025<\/p>\t\t\t\t\t\t\t\t<\/div>\n\t\t\t\t<\/div>\n\t\t\t\t<div class=\"elementor-element elementor-element-f5942b1 elementor-align-end elementor-icon-list--layout-traditional elementor-list-item-link-full_width elementor-widget elementor-widget-icon-list\" data-id=\"f5942b1\" data-element_type=\"widget\" data-e-type=\"widget\" data-widget_type=\"icon-list.default\">\n\t\t\t\t<div class=\"elementor-widget-container\">\n\t\t\t\t\t\t\t<ul class=\"elementor-icon-list-items\">\n\t\t\t\t\t\t\t<li class=\"elementor-icon-list-item\">\n\t\t\t\t\t\t\t\t\t\t\t<a href=\"https:\/\/www.bmktrans.net\/web-sitemiz-yayinda-lojistikte-yeni-donem-basladi\/\">\n\n\t\t\t\t\t\t\t\t\t\t\t<span class=\"elementor-icon-list-text\">Our Website is Live: A New Era in Logistics Has Begun<\/span>\n\t\t\t\t\t\t\t\t\t\t\t<\/a>\n\t\t\t\t\t\t\t\t\t<\/li>\n\t\t\t\t\t\t<\/ul>\n\t\t\t\t\t\t<\/div>\n\t\t\t\t<\/div>\n\t\t\t\t<\/div>\n\t\t\t\t<div class=\"elementor-element elementor-element-cf3dc92 elementor-widget__width-initial elementor-widget elementor-widget-image\" data-id=\"cf3dc92\" data-element_type=\"widget\" data-e-type=\"widget\" data-widget_type=\"image.default\">\n\t\t\t\t<div class=\"elementor-widget-container\">\n\t\t\t\t\t\t\t\t\t\t\t\t\t\t\t<img decoding=\"async\" width=\"1024\" height=\"478\" src=\"https:\/\/www.bmktrans.net\/wp-content\/uploads\/2026\/03\/WEB-Sitemiz-Guncellendi-1-1024x478.png\" class=\"attachment-large size-large wp-image-8552\" alt=\"\" srcset=\"https:\/\/www.bmktrans.net\/wp-content\/uploads\/2026\/03\/WEB-Sitemiz-Guncellendi-1-1024x478.png 1024w, https:\/\/www.bmktrans.net\/wp-content\/uploads\/2026\/03\/WEB-Sitemiz-Guncellendi-1-300x140.png 300w, https:\/\/www.bmktrans.net\/wp-content\/uploads\/2026\/03\/WEB-Sitemiz-Guncellendi-1-768x358.png 768w, https:\/\/www.bmktrans.net\/wp-content\/uploads\/2026\/03\/WEB-Sitemiz-Guncellendi-1-1536x717.png 1536w, https:\/\/www.bmktrans.net\/wp-content\/uploads\/2026\/03\/WEB-Sitemiz-Guncellendi-1-2048x956.png 2048w, https:\/\/www.bmktrans.net\/wp-content\/uploads\/2026\/03\/WEB-Sitemiz-Guncellendi-1-18x8.png 18w, https:\/\/www.bmktrans.net\/wp-content\/uploads\/2026\/03\/WEB-Sitemiz-Guncellendi-1-24x11.png 24w, https:\/\/www.bmktrans.net\/wp-content\/uploads\/2026\/03\/WEB-Sitemiz-Guncellendi-1-36x17.png 36w, https:\/\/www.bmktrans.net\/wp-content\/uploads\/2026\/03\/WEB-Sitemiz-Guncellendi-1-48x22.png 48w\" sizes=\"(max-width: 1024px) 100vw, 1024px\" \/>\t\t\t\t\t\t\t\t\t\t\t\t\t\t\t<\/div>\n\t\t\t\t<\/div>\n\t\t\t\t<\/div>\n\t\t\t\t<\/div>\n\t\t\t\t\t<\/div>\n\t\t\t\t<\/div>\n\t\t<div class=\"elementor-element elementor-element-4512d893 e-flex e-con-boxed elementor-invisible e-con e-parent\" data-id=\"4512d893\" data-element_type=\"container\" data-e-type=\"container\" data-settings=\"{&quot;animation&quot;:&quot;fadeIn&quot;}\">\n\t\t\t\t\t<div class=\"e-con-inner\">\n\t\t<div class=\"elementor-element elementor-element-5a8529ee e-con-full e-flex e-con e-child\" data-id=\"5a8529ee\" data-element_type=\"container\" data-e-type=\"container\">\n\t\t<div class=\"elementor-element elementor-element-4e81a32a e-con-full e-flex e-con e-child\" data-id=\"4e81a32a\" data-element_type=\"container\" data-e-type=\"container\">\n\t\t\t\t<div class=\"elementor-element elementor-element-50f75a8d elementor-widget__width-initial elementor-widget elementor-widget-text-editor\" data-id=\"50f75a8d\" data-element_type=\"widget\" data-e-type=\"widget\" data-widget_type=\"text-editor.default\">\n\t\t\t\t<div class=\"elementor-widget-container\">\n\t\t\t\t\t\t\t\t\t<p>21\/02\/2025<\/p>\t\t\t\t\t\t\t\t<\/div>\n\t\t\t\t<\/div>\n\t\t\t\t<div class=\"elementor-element elementor-element-d446c8b elementor-align-start elementor-icon-list--layout-traditional elementor-list-item-link-full_width elementor-widget elementor-widget-icon-list\" data-id=\"d446c8b\" data-element_type=\"widget\" data-e-type=\"widget\" data-widget_type=\"icon-list.default\">\n\t\t\t\t<div class=\"elementor-widget-container\">\n\t\t\t\t\t\t\t<ul class=\"elementor-icon-list-items\">\n\t\t\t\t\t\t\t<li class=\"elementor-icon-list-item\">\n\t\t\t\t\t\t\t\t\t\t\t<a href=\"https:\/\/www.bmktrans.net\/haberler\/bmk-trans-lojistik-stratejileri-verimliligi-artiran-adimlar\/\">\n\n\t\t\t\t\t\t\t\t\t\t\t<span class=\"elementor-icon-list-text\">BMK Trans Logistics Strategies: Steps to Increase Efficiency<\/span>\n\t\t\t\t\t\t\t\t\t\t\t<\/a>\n\t\t\t\t\t\t\t\t\t<\/li>\n\t\t\t\t\t\t<\/ul>\n\t\t\t\t\t\t<\/div>\n\t\t\t\t<\/div>\n\t\t\t\t<div class=\"elementor-element elementor-element-40adadf0 elementor-widget elementor-widget-html\" data-id=\"40adadf0\" data-element_type=\"widget\" data-e-type=\"widget\" data-widget_type=\"html.default\">\n\t\t\t\t<div class=\"elementor-widget-container\">\n\t\t\t\t\t<!DOCTYPE html>\r\n<html lang=\"tr\">\r\n<head>\r\n  <meta charset=\"UTF-8\">\r\n  <meta name=\"viewport\" content=\"width=device-width, initial-scale=1.0\">\r\n  <title>BMK Trans Noktal\u0131 Ba\u015fl\u0131k<\/title>\r\n  <link href=\"https:\/\/fonts.googleapis.com\/css2?family=Poppins:wght@500;600&display=swap\" rel=\"stylesheet\">\r\n  <style>\r\n    .dotted-title {\r\n      display: flex;\r\n      align-items: center;\r\n      font-family: 'Poppins', sans-serif;\r\n      font-size: 14px;\r\n      font-weight: 500;\r\n      color: #C0C0C0; \/* A\u00e7\u0131k gri *\/\r\n      transition: color 0.3s ease; \/* Hover efekti i\u00e7in ge\u00e7i\u015f *\/\r\n    }\r\n\r\n    .dotted-title::before {\r\n      content: \"\u2022\";\r\n      color: #083654; \/* Koyu k\u0131rm\u0131z\u0131 nokta *\/\r\n      font-size: 20px;\r\n      margin-right: 8px;\r\n    }\r\n\r\n    .dotted-title a {\r\n      text-decoration: none;\r\n      color: inherit;\r\n      transition: color 0.3s ease;\r\n    }\r\n\r\n    .dotted-title a:hover {\r\n      color: #083654; \/* Hover rengi *\/\r\n    }\r\n  <\/style>\r\n<\/head>\r\n<body>\r\n  <p class=\"dotted-title\">\r\n    <a href=\"https:\/\/www.bmktrans.net\" target=\"_blank\">BMK Trans<\/a>\r\n  <\/p>\r\n<\/body>\r\n<\/html>\r\n\t\t\t\t<\/div>\n\t\t\t\t<\/div>\n\t\t\t\t<div class=\"elementor-element elementor-element-e0f27fe elementor-widget elementor-widget-sina_dynamic_button\" data-id=\"e0f27fe\" data-element_type=\"widget\" data-e-type=\"widget\" data-widget_type=\"sina_dynamic_button.default\">\n\t\t\t\t<div class=\"elementor-widget-container\">\n\t\t\t\t\t\t\t<div class=\"sina-dynamic-button\">\r\n\t\t\t<a  class=\"sina-dynamic-btn   sina-hv-slide-l\" href=\"https:\/\/www.bmktrans.net\/haberler\/bmk-trans-lojistik-stratejileri-verimliligi-artiran-adimlar\/\"\r\n\t\t\t\t\t\t\t\t\t\t\t\t>\r\n\t\t\t\t\t\t\tMore\t\t\t\t\t<\/a>\r\n\t\t<\/div><!-- .sina-dynamic-button -->\r\n\t\t\t\t\t\t<\/div>\n\t\t\t\t<\/div>\n\t\t\t\t<\/div>\n\t\t\t\t<div class=\"elementor-element elementor-element-505c5904 elementor-widget__width-initial elementor-widget elementor-widget-image\" data-id=\"505c5904\" data-element_type=\"widget\" data-e-type=\"widget\" data-widget_type=\"image.default\">\n\t\t\t\t<div class=\"elementor-widget-container\">\n\t\t\t\t\t\t\t\t\t\t\t\t\t\t\t<img decoding=\"async\" width=\"1024\" height=\"478\" src=\"https:\/\/www.bmktrans.net\/wp-content\/uploads\/2025\/02\/1-1024x478.png\" class=\"attachment-large size-large wp-image-3901\" alt=\"\" srcset=\"https:\/\/www.bmktrans.net\/wp-content\/uploads\/2025\/02\/1-1024x478.png 1024w, https:\/\/www.bmktrans.net\/wp-content\/uploads\/2025\/02\/1-300x140.png 300w, https:\/\/www.bmktrans.net\/wp-content\/uploads\/2025\/02\/1-768x358.png 768w, https:\/\/www.bmktrans.net\/wp-content\/uploads\/2025\/02\/1-1536x717.png 1536w, https:\/\/www.bmktrans.net\/wp-content\/uploads\/2025\/02\/1-2048x956.png 2048w, https:\/\/www.bmktrans.net\/wp-content\/uploads\/2025\/02\/1-18x8.png 18w\" sizes=\"(max-width: 1024px) 100vw, 1024px\" \/>\t\t\t\t\t\t\t\t\t\t\t\t\t\t\t<\/div>\n\t\t\t\t<\/div>\n\t\t\t\t<\/div>\n\t\t\t\t\t<\/div>\n\t\t\t\t<\/div>\n\t\t\t\t<\/div>","protected":false},"excerpt":{"rendered":"<p>BMK Trans BMK Trans: Lojistik Sekt\u00f6r\u00fcnde Deneyim ve Ba\u015far\u0131 BMK Trans, 45 y\u0131l\u0131 a\u015fk\u0131n tecr\u00fcbesiyle uluslararas\u0131 lojistik alan\u0131nda g\u00fc\u00e7l\u00fc bir konuma sahiptir. \u015eirket, \u00f6zellikle Balkanlar ve Kafkasya b\u00f6lgelerinde yapt\u0131\u011f\u0131 ithalat ve ihracat ta\u015f\u0131mac\u0131l\u0131k hizmetleriyle dikkat \u00e7ekmektedir. Bu b\u00f6lgelerdeki ta\u015f\u0131mac\u0131l\u0131k operasyonlar\u0131, ticaretin daha h\u0131zl\u0131 ve verimli bir \u015fekilde ger\u00e7ekle\u015fmesini sa\u011flamaktad\u0131r. BMK Trans, lojistik sekt\u00f6r\u00fcnde kazand\u0131\u011f\u0131 tecr\u00fcbe&#8230;<\/p>","protected":false},"author":1,"featured_media":0,"parent":3948,"menu_order":0,"comment_status":"closed","ping_status":"closed","template":"","meta":{"_kadence_starter_templates_imported_post":false,"_kad_post_transparent":"","_kad_post_title":"hide","_kad_post_layout":"fullwidth","_kad_post_sidebar_id":"","_kad_post_content_style":"unboxed","_kad_post_vertical_padding":"hide","_kad_post_feature":"hide","_kad_post_feature_position":"","_kad_post_header":false,"_kad_post_footer":false,"_kad_post_classname":"","footnotes":""},"class_list":["post-3916","page","type-page","status-publish","hentry"],"_links":{"self":[{"href":"https:\/\/www.bmktrans.net\/en\/wp-json\/wp\/v2\/pages\/3916","targetHints":{"allow":["GET"]}}],"collection":[{"href":"https:\/\/www.bmktrans.net\/en\/wp-json\/wp\/v2\/pages"}],"about":[{"href":"https:\/\/www.bmktrans.net\/en\/wp-json\/wp\/v2\/types\/page"}],"author":[{"embeddable":true,"href":"https:\/\/www.bmktrans.net\/en\/wp-json\/wp\/v2\/users\/1"}],"replies":[{"embeddable":true,"href":"https:\/\/www.bmktrans.net\/en\/wp-json\/wp\/v2\/comments?post=3916"}],"version-history":[{"count":27,"href":"https:\/\/www.bmktrans.net\/en\/wp-json\/wp\/v2\/pages\/3916\/revisions"}],"predecessor-version":[{"id":8565,"href":"https:\/\/www.bmktrans.net\/en\/wp-json\/wp\/v2\/pages\/3916\/revisions\/8565"}],"up":[{"embeddable":true,"href":"https:\/\/www.bmktrans.net\/en\/wp-json\/wp\/v2\/pages\/3948"}],"wp:attachment":[{"href":"https:\/\/www.bmktrans.net\/en\/wp-json\/wp\/v2\/media?parent=3916"}],"curies":[{"name":"wp","href":"https:\/\/api.w.org\/{rel}","templated":true}]}}